{"id":3642,"date":"2023-02-25T18:00:12","date_gmt":"2023-02-25T23:00:12","guid":{"rendered":"https:\/\/boyerbrush.ca\/charrette\/"},"modified":"2023-10-11T08:51:11","modified_gmt":"2023-10-11T12:51:11","slug":"charrette","status":"publish","type":"page","link":"https:\/\/boyerbrush.ca\/fr\/charrette\/","title":{"rendered":"Panier"},"content":{"rendered":"\t\t<div data-elementor-type=\"wp-page\" data-elementor-id=\"3642\" class=\"elementor elementor-3642 elementor-146\" data-elementor-post-type=\"page\">\n\t\t\t\t\t\t<section class=\"elementor-section elementor-top-section elementor-element elementor-element-7955c85 elementor-section-boxed elementor-section-height-default elementor-section-height-default\" data-id=\"7955c85\" data-element_type=\"section\">\n\t\t\t\t\t\t<div class=\"elementor-container elementor-column-gap-default\">\n\t\t\t\t\t<div class=\"elementor-column elementor-col-100 elementor-top-column elementor-element elementor-element-74b51a2\" data-id=\"74b51a2\" data-element_type=\"column\">\n\t\t\t<div class=\"elementor-widget-wrap elementor-element-populated\">\n\t\t\t\t\t\t<div class=\"elementor-element elementor-element-c00f2ff elementor-widget__width-initial elementor-widget elementor-widget-text-editor\" data-id=\"c00f2ff\" data-element_type=\"widget\" data-widget_type=\"text-editor.default\">\n\t\t\t\t<div class=\"elementor-widget-container\">\n\t\t\t\t\t\t\t\t\t<p>*Merci d\u2019avoir choisi notre magasin pour vos besoins d\u2019achat en ligne. Nous vous rappelons que les \u00e9ventuels frais de douane ou droits applicables \u00e0 votre commande sont \u00e0 la charge du client. Ces frais sont d\u00e9termin\u00e9s par l\u2019agence douani\u00e8re de votre pays et ne sont pas inclus dans le prix de votre achat ou les frais d\u2019exp\u00e9dition.<\/p>\n\t\t\t\t\t\t\t\t<\/div>\n\t\t\t\t<\/div>\n\t\t\t\t\t<\/div>\n\t\t<\/div>\n\t\t\t\t\t<\/div>\n\t\t<\/section>\n\t\t\t\t<\/div>\n\t\t","protected":false},"excerpt":{"rendered":"<p>Your cart is currently empty. Return to shop *Merci d\u2019avoir choisi notre magasin pour vos besoins d\u2019achat en ligne. Nous vous rappelons que les \u00e9ventuels frais de douane ou droits applicables \u00e0 votre commande sont \u00e0 la charge du client. Ces frais sont d\u00e9termin\u00e9s par l\u2019agence douani\u00e8re de votre pays et ne sont pas inclus [&hellip;]<\/p>\n","protected":false},"author":4,"featured_media":0,"parent":0,"menu_order":0,"comment_status":"closed","ping_status":"closed","template":"","meta":{"footnotes":""},"class_list":["post-3642","page","type-page","status-publish","hentry"],"_links":{"self":[{"href":"https:\/\/boyerbrush.ca\/fr\/wp-json\/wp\/v2\/pages\/3642","targetHints":{"allow":["GET"]}}],"collection":[{"href":"https:\/\/boyerbrush.ca\/fr\/wp-json\/wp\/v2\/pages"}],"about":[{"href":"https:\/\/boyerbrush.ca\/fr\/wp-json\/wp\/v2\/types\/page"}],"author":[{"embeddable":true,"href":"https:\/\/boyerbrush.ca\/fr\/wp-json\/wp\/v2\/users\/4"}],"replies":[{"embeddable":true,"href":"https:\/\/boyerbrush.ca\/fr\/wp-json\/wp\/v2\/comments?post=3642"}],"version-history":[{"count":0,"href":"https:\/\/boyerbrush.ca\/fr\/wp-json\/wp\/v2\/pages\/3642\/revisions"}],"wp:attachment":[{"href":"https:\/\/boyerbrush.ca\/fr\/wp-json\/wp\/v2\/media?parent=3642"}],"curies":[{"name":"wp","href":"https:\/\/api.w.org\/{rel}","templated":true}]}}