{"id":3645,"date":"2023-03-02T23:17:04","date_gmt":"2023-03-03T04:17:04","guid":{"rendered":"https:\/\/boyerbrush.ca\/blog\/"},"modified":"2023-12-16T09:09:50","modified_gmt":"2023-12-16T14:09:50","slug":"blog","status":"publish","type":"page","link":"https:\/\/boyerbrush.ca\/fr\/blog\/","title":{"rendered":"Blog"},"content":{"rendered":"\t\t<div data-elementor-type=\"wp-page\" data-elementor-id=\"3645\" class=\"elementor elementor-3645 elementor-500\" data-elementor-post-type=\"page\">\n\t\t\t\t\t\t<section class=\"elementor-section elementor-top-section elementor-element elementor-element-3f5ed2a elementor-section-full_width elementor-section-height-min-height elementor-section-height-default elementor-section-items-middle\" data-id=\"3f5ed2a\" data-element_type=\"section\">\n\t\t\t\t\t\t<div class=\"elementor-container elementor-column-gap-default\">\n\t\t\t\t\t<div class=\"elementor-column elementor-col-100 elementor-top-column elementor-element elementor-element-536e8c2\" data-id=\"536e8c2\" data-element_type=\"column\">\n\t\t\t<div class=\"elementor-widget-wrap elementor-element-populated\">\n\t\t\t\t\t\t<div class=\"elementor-element elementor-element-43129ed elementor-widget elementor-widget-heading\" data-id=\"43129ed\" data-element_type=\"widget\" data-widget_type=\"heading.default\">\n\t\t\t\t<div class=\"elementor-widget-container\">\n\t\t\t\t\t<h2 class=\"elementor-heading-title elementor-size-default\">Le blog Boyer<\/h2>\t\t\t\t<\/div>\n\t\t\t\t<\/div>\n\t\t\t\t<div class=\"elementor-element elementor-element-da0b740 elementor-widget elementor-widget-heading\" data-id=\"da0b740\" data-element_type=\"widget\" data-widget_type=\"heading.default\">\n\t\t\t\t<div class=\"elementor-widget-container\">\n\t\t\t\t\t<h2 class=\"elementor-heading-title elementor-size-default\">Trucs et astuces pour chaque grilleur <\/h2>\t\t\t\t<\/div>\n\t\t\t\t<\/div>\n\t\t\t\t\t<\/div>\n\t\t<\/div>\n\t\t\t\t\t<\/div>\n\t\t<\/section>\n\t\t\t\t<section class=\"elementor-section elementor-top-section elementor-element elementor-element-7f1a3ca elementor-section-full_width elementor-section-height-default elementor-section-height-default\" data-id=\"7f1a3ca\" data-element_type=\"section\">\n\t\t\t\t\t\t<div class=\"elementor-container elementor-column-gap-no\">\n\t\t\t\t\t<div class=\"elementor-column elementor-col-100 elementor-top-column elementor-element elementor-element-7a934f0\" data-id=\"7a934f0\" data-element_type=\"column\">\n\t\t\t<div class=\"elementor-widget-wrap elementor-element-populated\">\n\t\t\t\t\t\t<div class=\"elementor-element elementor-element-742d7cd elementor-grid-3 elementor-grid-tablet-2 elementor-grid-mobile-1 elementor-posts--thumbnail-top elementor-widget elementor-widget-posts\" data-id=\"742d7cd\" data-element_type=\"widget\" data-settings=\"{&quot;classic_columns&quot;:&quot;3&quot;,&quot;classic_columns_tablet&quot;:&quot;2&quot;,&quot;classic_columns_mobile&quot;:&quot;1&quot;,&quot;classic_row_gap&quot;:{&quot;unit&quot;:&quot;px&quot;,&quot;size&quot;:35,&quot;sizes&quot;:[]},&quot;classic_row_gap_tablet&quot;:{&quot;unit&quot;:&quot;px&quot;,&quot;size&quot;:&quot;&quot;,&quot;sizes&quot;:[]},&quot;classic_row_gap_mobile&quot;:{&quot;unit&quot;:&quot;px&quot;,&quot;size&quot;:&quot;&quot;,&quot;sizes&quot;:[]}}\" data-widget_type=\"posts.classic\">\n\t\t\t\t<div class=\"elementor-widget-container\">\n\t\t\t\t\t\t\t<div class=\"elementor-posts-container elementor-posts elementor-posts--skin-classic elementor-grid\">\n\t\t\t\t<article class=\"elementor-post elementor-grid-item post-6246 post type-post status-publish format-standard has-post-thumbnail hentry category-non-classifiee\">\n\t\t\t\t<div class=\"elementor-post__text\">\n\t\t\t\t<h3 class=\"elementor-post__title\">\n\t\t\t<a href=\"https:\/\/boyerbrush.ca\/fr\/brosse-a-gril-boyer-robuste-et-sure\/\">\n\t\t\t\tBrosse \u00e0 gril Boyer : robuste et s\u00fbre\t\t\t<\/a>\n\t\t<\/h3>\n\t\t\t\t<div class=\"elementor-post__meta-data\">\n\t\t\t\t\t<span class=\"elementor-post-date\">\n\t\t\tD\u00e9cembre 16, 2023\t\t<\/span>\n\t\t\t\t<\/div>\n\t\t\t\t<div class=\"elementor-post__excerpt\">\n\t\t\t<p>Si vous \u00eates s\u00e9rieux au sujet de la nourriture qui provient de votre gril ou de votre barbecue, vous comprenez la n\u00e9cessit\u00e9 de nettoyer<\/p>\n\t\t<\/div>\n\t\t\t\t\t<div class=\"elementor-post__read-more-wrapper\">\n\t\t\n\t\t<a class=\"elementor-post__read-more\" href=\"https:\/\/boyerbrush.ca\/fr\/brosse-a-gril-boyer-robuste-et-sure\/\" aria-label=\"Read more about Brosse \u00e0 gril Boyer : robuste et s\u00fbre\" tabindex=\"-1\">\n\t\t\tLire la suite \u00bb\t\t<\/a>\n\n\t\t\t\t\t<\/div>\n\t\t\t\t<\/div>\n\t\t\t\t<\/article>\n\t\t\t\t<article class=\"elementor-post elementor-grid-item post-3676 post type-post status-publish format-standard has-post-thumbnail hentry category-non-classifiee\">\n\t\t\t\t<a class=\"elementor-post__thumbnail__link\" href=\"https:\/\/boyerbrush.ca\/fr\/rafraichissez-la-securite-des-grills-quand-remplacer-votre-brosse-%f0%9f%9a%a8-de-nettoyage-de-gril\/\" tabindex=\"-1\">\n\t\t\t<div class=\"elementor-post__thumbnail\"><img fetchpriority=\"high\" decoding=\"async\" width=\"800\" height=\"534\" src=\"https:\/\/boyerbrush.ca\/wp-content\/uploads\/2023\/02\/Boyer-Brush-9-1024x683.jpg\" class=\"attachment-large size-large wp-image-3227\" alt=\"\" srcset=\"https:\/\/boyerbrush.ca\/wp-content\/uploads\/2023\/02\/Boyer-Brush-9-1024x683.jpg 1024w, https:\/\/boyerbrush.ca\/wp-content\/uploads\/2023\/02\/Boyer-Brush-9-600x400.jpg 600w, https:\/\/boyerbrush.ca\/wp-content\/uploads\/2023\/02\/Boyer-Brush-9-300x200.jpg 300w, https:\/\/boyerbrush.ca\/wp-content\/uploads\/2023\/02\/Boyer-Brush-9-768x512.jpg 768w, https:\/\/boyerbrush.ca\/wp-content\/uploads\/2023\/02\/Boyer-Brush-9-1536x1024.jpg 1536w, https:\/\/boyerbrush.ca\/wp-content\/uploads\/2023\/02\/Boyer-Brush-9-24x16.jpg 24w, https:\/\/boyerbrush.ca\/wp-content\/uploads\/2023\/02\/Boyer-Brush-9-36x24.jpg 36w, https:\/\/boyerbrush.ca\/wp-content\/uploads\/2023\/02\/Boyer-Brush-9-48x32.jpg 48w, https:\/\/boyerbrush.ca\/wp-content\/uploads\/2023\/02\/Boyer-Brush-9.jpg 1800w\" sizes=\"(max-width: 800px) 100vw, 800px\" \/><\/div>\n\t\t<\/a>\n\t\t\t\t<div class=\"elementor-post__text\">\n\t\t\t\t<h3 class=\"elementor-post__title\">\n\t\t\t<a href=\"https:\/\/boyerbrush.ca\/fr\/rafraichissez-la-securite-des-grills-quand-remplacer-votre-brosse-%f0%9f%9a%a8-de-nettoyage-de-gril\/\">\n\t\t\t\tRafra\u00eechissez vos connaissances sur la s\u00e9curit\u00e9 du gril : quand remplacer votre brosse \ud83d\udea8 \u00e0 gril\t\t\t<\/a>\n\t\t<\/h3>\n\t\t\t\t<div class=\"elementor-post__meta-data\">\n\t\t\t\t\t<span class=\"elementor-post-date\">\n\t\t\tmars 7, 2023\t\t<\/span>\n\t\t\t\t<\/div>\n\t\t\t\t<div class=\"elementor-post__excerpt\">\n\t\t\t<p>Lorsqu\u2019il s\u2019agit de grillades ext\u00e9rieures, le nettoyage de votre gril est une \u00e9tape essentielle pour le maintenir en bon \u00e9tat et assurer la s\u00e9curit\u00e9<\/p>\n\t\t<\/div>\n\t\t\t\t\t<div class=\"elementor-post__read-more-wrapper\">\n\t\t\n\t\t<a class=\"elementor-post__read-more\" href=\"https:\/\/boyerbrush.ca\/fr\/rafraichissez-la-securite-des-grills-quand-remplacer-votre-brosse-%f0%9f%9a%a8-de-nettoyage-de-gril\/\" aria-label=\"Read more about Rafra\u00eechissez vos connaissances sur la s\u00e9curit\u00e9 du gril : quand remplacer votre brosse \ud83d\udea8 \u00e0 gril\" tabindex=\"-1\">\n\t\t\tLire la suite \u00bb\t\t<\/a>\n\n\t\t\t\t\t<\/div>\n\t\t\t\t<\/div>\n\t\t\t\t<\/article>\n\t\t\t\t<article class=\"elementor-post elementor-grid-item post-3677 post type-post status-publish format-standard has-post-thumbnail hentry category-non-classifiee\">\n\t\t\t\t<a class=\"elementor-post__thumbnail__link\" href=\"https:\/\/boyerbrush.ca\/fr\/5-facteurs-cles-a-considerer-avant-dacheter-votre-prochain-barbecue\/\" tabindex=\"-1\">\n\t\t\t<div class=\"elementor-post__thumbnail\"><img decoding=\"async\" width=\"800\" height=\"599\" src=\"https:\/\/boyerbrush.ca\/wp-content\/uploads\/2023\/02\/5-key-factors-buying-bbq-grill-1024x767.jpg\" class=\"attachment-large size-large wp-image-3303\" alt=\"\" srcset=\"https:\/\/boyerbrush.ca\/wp-content\/uploads\/2023\/02\/5-key-factors-buying-bbq-grill-1024x767.jpg 1024w, https:\/\/boyerbrush.ca\/wp-content\/uploads\/2023\/02\/5-key-factors-buying-bbq-grill-600x449.jpg 600w, https:\/\/boyerbrush.ca\/wp-content\/uploads\/2023\/02\/5-key-factors-buying-bbq-grill-300x225.jpg 300w, https:\/\/boyerbrush.ca\/wp-content\/uploads\/2023\/02\/5-key-factors-buying-bbq-grill-768x575.jpg 768w, https:\/\/boyerbrush.ca\/wp-content\/uploads\/2023\/02\/5-key-factors-buying-bbq-grill-24x18.jpg 24w, https:\/\/boyerbrush.ca\/wp-content\/uploads\/2023\/02\/5-key-factors-buying-bbq-grill-36x27.jpg 36w, https:\/\/boyerbrush.ca\/wp-content\/uploads\/2023\/02\/5-key-factors-buying-bbq-grill-48x36.jpg 48w, https:\/\/boyerbrush.ca\/wp-content\/uploads\/2023\/02\/5-key-factors-buying-bbq-grill.jpg 1068w\" sizes=\"(max-width: 800px) 100vw, 800px\" \/><\/div>\n\t\t<\/a>\n\t\t\t\t<div class=\"elementor-post__text\">\n\t\t\t\t<h3 class=\"elementor-post__title\">\n\t\t\t<a href=\"https:\/\/boyerbrush.ca\/fr\/5-facteurs-cles-a-considerer-avant-dacheter-votre-prochain-barbecue\/\">\n\t\t\t\t5 facteurs cl\u00e9s \u00e0 consid\u00e9rer avant d\u2019acheter votre prochain barbecue\t\t\t<\/a>\n\t\t<\/h3>\n\t\t\t\t<div class=\"elementor-post__meta-data\">\n\t\t\t\t\t<span class=\"elementor-post-date\">\n\t\t\tf\u00e9vrier 26, 2023\t\t<\/span>\n\t\t\t\t<\/div>\n\t\t\t\t<div class=\"elementor-post__excerpt\">\n\t\t\t<p>\u00c0 l\u2019approche de l\u2019\u00e9t\u00e9, beaucoup de gens commencent \u00e0 penser aux barbecues dans la cour avec leurs amis et leur famille. Si vous \u00eates<\/p>\n\t\t<\/div>\n\t\t\t\t\t<div class=\"elementor-post__read-more-wrapper\">\n\t\t\n\t\t<a class=\"elementor-post__read-more\" href=\"https:\/\/boyerbrush.ca\/fr\/5-facteurs-cles-a-considerer-avant-dacheter-votre-prochain-barbecue\/\" aria-label=\"Read more about 5 facteurs cl\u00e9s \u00e0 consid\u00e9rer avant d\u2019acheter votre prochain barbecue\" tabindex=\"-1\">\n\t\t\tLire la suite \u00bb\t\t<\/a>\n\n\t\t\t\t\t<\/div>\n\t\t\t\t<\/div>\n\t\t\t\t<\/article>\n\t\t\t\t<article class=\"elementor-post elementor-grid-item post-3675 post type-post status-publish format-standard has-post-thumbnail hentry category-non-classifiee\">\n\t\t\t\t<a class=\"elementor-post__thumbnail__link\" href=\"https:\/\/boyerbrush.ca\/fr\/grillades-101-a-quelle-frequence-faut-il-nettoyer-son-barbecue-%f0%9f%ab%a7\/\" tabindex=\"-1\">\n\t\t\t<div class=\"elementor-post__thumbnail\"><img decoding=\"async\" width=\"800\" height=\"600\" src=\"https:\/\/boyerbrush.ca\/wp-content\/uploads\/2023\/02\/Boyer-Brush-3-1024x768.jpg\" class=\"attachment-large size-large wp-image-3178\" alt=\"\" srcset=\"https:\/\/boyerbrush.ca\/wp-content\/uploads\/2023\/02\/Boyer-Brush-3-1024x768.jpg 1024w, https:\/\/boyerbrush.ca\/wp-content\/uploads\/2023\/02\/Boyer-Brush-3-600x450.jpg 600w, https:\/\/boyerbrush.ca\/wp-content\/uploads\/2023\/02\/Boyer-Brush-3-300x225.jpg 300w, https:\/\/boyerbrush.ca\/wp-content\/uploads\/2023\/02\/Boyer-Brush-3-768x576.jpg 768w, https:\/\/boyerbrush.ca\/wp-content\/uploads\/2023\/02\/Boyer-Brush-3.jpg 1200w\" sizes=\"(max-width: 800px) 100vw, 800px\" \/><\/div>\n\t\t<\/a>\n\t\t\t\t<div class=\"elementor-post__text\">\n\t\t\t\t<h3 class=\"elementor-post__title\">\n\t\t\t<a href=\"https:\/\/boyerbrush.ca\/fr\/grillades-101-a-quelle-frequence-faut-il-nettoyer-son-barbecue-%f0%9f%ab%a7\/\">\n\t\t\t\tGrillades 101 : \u00c0 quelle fr\u00e9quence faut-il nettoyer son barbecue \ud83e\udee7 ?\t\t\t<\/a>\n\t\t<\/h3>\n\t\t\t\t<div class=\"elementor-post__meta-data\">\n\t\t\t\t\t<span class=\"elementor-post-date\">\n\t\t\tf\u00e9vrier 25, 2023\t\t<\/span>\n\t\t\t\t<\/div>\n\t\t\t\t<div class=\"elementor-post__excerpt\">\n\t\t\t<p>La saison des barbecues est \u00e0 nos portes, et il est temps de d\u00e9poussi\u00e9rer ce gril et de commencer \u00e0 cuisiner de d\u00e9licieux repas.<\/p>\n\t\t<\/div>\n\t\t\t\t\t<div class=\"elementor-post__read-more-wrapper\">\n\t\t\n\t\t<a class=\"elementor-post__read-more\" href=\"https:\/\/boyerbrush.ca\/fr\/grillades-101-a-quelle-frequence-faut-il-nettoyer-son-barbecue-%f0%9f%ab%a7\/\" aria-label=\"Read more about Grillades 101 : \u00c0 quelle fr\u00e9quence faut-il nettoyer son barbecue \ud83e\udee7 ?\" tabindex=\"-1\">\n\t\t\tLire la suite \u00bb\t\t<\/a>\n\n\t\t\t\t\t<\/div>\n\t\t\t\t<\/div>\n\t\t\t\t<\/article>\n\t\t\t\t<article class=\"elementor-post elementor-grid-item post-3679 post type-post status-publish format-standard has-post-thumbnail hentry category-non-classifiee\">\n\t\t\t\t<a class=\"elementor-post__thumbnail__link\" href=\"https:\/\/boyerbrush.ca\/fr\/%e2%9d%8c-13-erreurs-de-barbecue-et-comment-les-%e2%9d%8c-corriger\/\" tabindex=\"-1\">\n\t\t\t<div class=\"elementor-post__thumbnail\"><img loading=\"lazy\" decoding=\"async\" width=\"800\" height=\"800\" src=\"https:\/\/boyerbrush.ca\/wp-content\/uploads\/2023\/02\/Goodhousekeeping-1024x1024.jpeg\" class=\"attachment-large size-large wp-image-3325\" alt=\"\" srcset=\"https:\/\/boyerbrush.ca\/wp-content\/uploads\/2023\/02\/Goodhousekeeping-1024x1024.jpeg 1024w, https:\/\/boyerbrush.ca\/wp-content\/uploads\/2023\/02\/Goodhousekeeping-100x100.jpeg 100w, https:\/\/boyerbrush.ca\/wp-content\/uploads\/2023\/02\/Goodhousekeeping-600x600.jpeg 600w, https:\/\/boyerbrush.ca\/wp-content\/uploads\/2023\/02\/Goodhousekeeping-300x300.jpeg 300w, https:\/\/boyerbrush.ca\/wp-content\/uploads\/2023\/02\/Goodhousekeeping-150x150.jpeg 150w, https:\/\/boyerbrush.ca\/wp-content\/uploads\/2023\/02\/Goodhousekeeping-768x768.jpeg 768w, https:\/\/boyerbrush.ca\/wp-content\/uploads\/2023\/02\/Goodhousekeeping-1536x1536.jpeg 1536w, https:\/\/boyerbrush.ca\/wp-content\/uploads\/2023\/02\/Goodhousekeeping-24x24.jpeg 24w, https:\/\/boyerbrush.ca\/wp-content\/uploads\/2023\/02\/Goodhousekeeping-36x36.jpeg 36w, https:\/\/boyerbrush.ca\/wp-content\/uploads\/2023\/02\/Goodhousekeeping-48x48.jpeg 48w, https:\/\/boyerbrush.ca\/wp-content\/uploads\/2023\/02\/Goodhousekeeping.jpeg 1732w\" sizes=\"(max-width: 800px) 100vw, 800px\" \/><\/div>\n\t\t<\/a>\n\t\t\t\t<div class=\"elementor-post__text\">\n\t\t\t\t<h3 class=\"elementor-post__title\">\n\t\t\t<a href=\"https:\/\/boyerbrush.ca\/fr\/%e2%9d%8c-13-erreurs-de-barbecue-et-comment-les-%e2%9d%8c-corriger\/\">\n\t\t\t\t\u274c 13 ERREURS DE BARBECUE ET COMMENT LES \u274c CORRIGER\t\t\t<\/a>\n\t\t<\/h3>\n\t\t\t\t<div class=\"elementor-post__meta-data\">\n\t\t\t\t\t<span class=\"elementor-post-date\">\n\t\t\tf\u00e9vrier 10, 2023\t\t<\/span>\n\t\t\t\t<\/div>\n\t\t\t\t<div class=\"elementor-post__excerpt\">\n\t\t\t<p>Assurez-vous de bien faire les choses cette saison des barbecues! Barbecues. Tout le monde les aime, mais ils peuvent aller tellement, tellement mal. \u00c9vitez<\/p>\n\t\t<\/div>\n\t\t\t\t\t<div class=\"elementor-post__read-more-wrapper\">\n\t\t\n\t\t<a class=\"elementor-post__read-more\" href=\"https:\/\/boyerbrush.ca\/fr\/%e2%9d%8c-13-erreurs-de-barbecue-et-comment-les-%e2%9d%8c-corriger\/\" aria-label=\"Read more about \u274c 13 ERREURS DE BARBECUE ET COMMENT LES \u274c CORRIGER\" tabindex=\"-1\">\n\t\t\tLire la suite \u00bb\t\t<\/a>\n\n\t\t\t\t\t<\/div>\n\t\t\t\t<\/div>\n\t\t\t\t<\/article>\n\t\t\t\t<article class=\"elementor-post elementor-grid-item post-3698 post type-post status-publish format-standard has-post-thumbnail hentry category-non-classifiee\">\n\t\t\t\t<a class=\"elementor-post__thumbnail__link\" href=\"https:\/\/boyerbrush.ca\/fr\/top-10-des-conseils-pour-dexcellentes-grillades-%f0%9f%a5%a9-dete\/\" tabindex=\"-1\">\n\t\t\t<div class=\"elementor-post__thumbnail\"><img loading=\"lazy\" decoding=\"async\" width=\"616\" height=\"462\" src=\"https:\/\/boyerbrush.ca\/wp-content\/uploads\/2023\/02\/Top-10-Tips-Summer-Grilling.jpeg\" class=\"attachment-large size-large wp-image-3285\" alt=\"\" srcset=\"https:\/\/boyerbrush.ca\/wp-content\/uploads\/2023\/02\/Top-10-Tips-Summer-Grilling.jpeg 616w, https:\/\/boyerbrush.ca\/wp-content\/uploads\/2023\/02\/Top-10-Tips-Summer-Grilling-600x450.jpeg 600w, https:\/\/boyerbrush.ca\/wp-content\/uploads\/2023\/02\/Top-10-Tips-Summer-Grilling-300x225.jpeg 300w, https:\/\/boyerbrush.ca\/wp-content\/uploads\/2023\/02\/Top-10-Tips-Summer-Grilling-24x18.jpeg 24w, https:\/\/boyerbrush.ca\/wp-content\/uploads\/2023\/02\/Top-10-Tips-Summer-Grilling-36x27.jpeg 36w, https:\/\/boyerbrush.ca\/wp-content\/uploads\/2023\/02\/Top-10-Tips-Summer-Grilling-48x36.jpeg 48w\" sizes=\"(max-width: 616px) 100vw, 616px\" \/><\/div>\n\t\t<\/a>\n\t\t\t\t<div class=\"elementor-post__text\">\n\t\t\t\t<h3 class=\"elementor-post__title\">\n\t\t\t<a href=\"https:\/\/boyerbrush.ca\/fr\/top-10-des-conseils-pour-dexcellentes-grillades-%f0%9f%a5%a9-dete\/\">\n\t\t\t\tTop 10 des conseils pour d\u2019excellentes grillades \ud83e\udd69 d\u2019\u00e9t\u00e9\t\t\t<\/a>\n\t\t<\/h3>\n\t\t\t\t<div class=\"elementor-post__meta-data\">\n\t\t\t\t\t<span class=\"elementor-post-date\">\n\t\t\tjanvier 25, 2023\t\t<\/span>\n\t\t\t\t<\/div>\n\t\t\t\t<div class=\"elementor-post__excerpt\">\n\t\t\t<p>Ces conseils pour les grillades vous permettront de vous remettre \u00e0 cuisiner (ou de vous lancer) en un rien de temps. L\u2019\u00e9t\u00e9 bat son<\/p>\n\t\t<\/div>\n\t\t\t\t\t<div class=\"elementor-post__read-more-wrapper\">\n\t\t\n\t\t<a class=\"elementor-post__read-more\" href=\"https:\/\/boyerbrush.ca\/fr\/top-10-des-conseils-pour-dexcellentes-grillades-%f0%9f%a5%a9-dete\/\" aria-label=\"Read more about Top 10 des conseils pour d\u2019excellentes grillades \ud83e\udd69 d\u2019\u00e9t\u00e9\" tabindex=\"-1\">\n\t\t\tLire la suite \u00bb\t\t<\/a>\n\n\t\t\t\t\t<\/div>\n\t\t\t\t<\/div>\n\t\t\t\t<\/article>\n\t\t\t\t<article class=\"elementor-post elementor-grid-item post-3702 post type-post status-publish format-standard has-post-thumbnail hentry category-non-classifiee\">\n\t\t\t\t<a class=\"elementor-post__thumbnail__link\" href=\"https:\/\/boyerbrush.ca\/fr\/24-conseils-essentiels-pour-griller-de-top-chef-%f0%9f%a7%91%f0%9f%8f%bc-%f0%9f%8d%b3\/\" tabindex=\"-1\">\n\t\t\t<div class=\"elementor-post__thumbnail\"><img loading=\"lazy\" decoding=\"async\" width=\"640\" height=\"468\" src=\"https:\/\/boyerbrush.ca\/wp-content\/uploads\/2023\/02\/24-essential-grilling-tips-from-Chefs.jpg\" class=\"attachment-large size-large wp-image-3284\" alt=\"\" srcset=\"https:\/\/boyerbrush.ca\/wp-content\/uploads\/2023\/02\/24-essential-grilling-tips-from-Chefs.jpg 640w, https:\/\/boyerbrush.ca\/wp-content\/uploads\/2023\/02\/24-essential-grilling-tips-from-Chefs-600x439.jpg 600w, https:\/\/boyerbrush.ca\/wp-content\/uploads\/2023\/02\/24-essential-grilling-tips-from-Chefs-300x219.jpg 300w, https:\/\/boyerbrush.ca\/wp-content\/uploads\/2023\/02\/24-essential-grilling-tips-from-Chefs-24x18.jpg 24w, https:\/\/boyerbrush.ca\/wp-content\/uploads\/2023\/02\/24-essential-grilling-tips-from-Chefs-36x26.jpg 36w, https:\/\/boyerbrush.ca\/wp-content\/uploads\/2023\/02\/24-essential-grilling-tips-from-Chefs-48x35.jpg 48w\" sizes=\"(max-width: 640px) 100vw, 640px\" \/><\/div>\n\t\t<\/a>\n\t\t\t\t<div class=\"elementor-post__text\">\n\t\t\t\t<h3 class=\"elementor-post__title\">\n\t\t\t<a href=\"https:\/\/boyerbrush.ca\/fr\/24-conseils-essentiels-pour-griller-de-top-chef-%f0%9f%a7%91%f0%9f%8f%bc-%f0%9f%8d%b3\/\">\n\t\t\t\t24 conseils essentiels pour griller de Top Chef \ud83e\uddd1\ud83c\udffc \ud83c\udf73\t\t\t<\/a>\n\t\t<\/h3>\n\t\t\t\t<div class=\"elementor-post__meta-data\">\n\t\t\t\t\t<span class=\"elementor-post-date\">\n\t\t\tjanvier 18, 2023\t\t<\/span>\n\t\t\t\t<\/div>\n\t\t\t\t<div class=\"elementor-post__excerpt\">\n\t\t\t<p>Que vous ayez d\u00e9j\u00e0 travaill\u00e9 sur un gril ou non, l\u2019appareil m\u00e9nager peut \u00eatre \u00e9crasant \u00e0 utiliser. \u00c0 quelle hauteur devez-vous chauffer le gril?<\/p>\n\t\t<\/div>\n\t\t\t\t\t<div class=\"elementor-post__read-more-wrapper\">\n\t\t\n\t\t<a class=\"elementor-post__read-more\" href=\"https:\/\/boyerbrush.ca\/fr\/24-conseils-essentiels-pour-griller-de-top-chef-%f0%9f%a7%91%f0%9f%8f%bc-%f0%9f%8d%b3\/\" aria-label=\"Read more about 24 conseils essentiels pour griller de Top Chef \ud83e\uddd1\ud83c\udffc \ud83c\udf73\" tabindex=\"-1\">\n\t\t\tLire la suite \u00bb\t\t<\/a>\n\n\t\t\t\t\t<\/div>\n\t\t\t\t<\/div>\n\t\t\t\t<\/article>\n\t\t\t\t<\/div>\n\t\t\n\t\t\t\t\t\t<\/div>\n\t\t\t\t<\/div>\n\t\t\t\t<div class=\"elementor-element elementor-element-a8630d4 elementor-widget elementor-widget-spacer\" data-id=\"a8630d4\" data-element_type=\"widget\" data-widget_type=\"spacer.default\">\n\t\t\t\t<div class=\"elementor-widget-container\">\n\t\t\t\t\t\t\t<div class=\"elementor-spacer\">\n\t\t\t<div class=\"elementor-spacer-inner\"><\/div>\n\t\t<\/div>\n\t\t\t\t\t\t<\/div>\n\t\t\t\t<\/div>\n\t\t\t\t\t<\/div>\n\t\t<\/div>\n\t\t\t\t\t<\/div>\n\t\t<\/section>\n\t\t\t\t<section class=\"elementor-section elementor-top-section elementor-element elementor-element-3b15383 elementor-section-full_width elementor-section-height-min-height elementor-section-height-default elementor-section-items-middle elementor-invisible\" data-id=\"3b15383\" data-element_type=\"section\" data-settings=\"{&quot;background_background&quot;:&quot;classic&quot;,&quot;animation&quot;:&quot;slideInLeft&quot;,&quot;animation_mobile&quot;:&quot;slideInUp&quot;}\">\n\t\t\t\t\t\t<div class=\"elementor-container elementor-column-gap-default\">\n\t\t\t\t\t<div class=\"elementor-column elementor-col-100 elementor-top-column elementor-element elementor-element-f624aab\" data-id=\"f624aab\" data-element_type=\"column\">\n\t\t\t<div class=\"elementor-widget-wrap elementor-element-populated\">\n\t\t\t\t\t\t<section class=\"elementor-section elementor-inner-section elementor-element elementor-element-0cd96b8 elementor-section-boxed elementor-section-height-default elementor-section-height-default\" data-id=\"0cd96b8\" data-element_type=\"section\">\n\t\t\t\t\t\t<div class=\"elementor-container elementor-column-gap-default\">\n\t\t\t\t\t<div class=\"elementor-column elementor-col-50 elementor-inner-column elementor-element elementor-element-423eb8a\" data-id=\"423eb8a\" data-element_type=\"column\">\n\t\t\t<div class=\"elementor-widget-wrap\">\n\t\t\t\t\t\t\t<\/div>\n\t\t<\/div>\n\t\t\t\t<div class=\"elementor-column elementor-col-50 elementor-inner-column elementor-element elementor-element-2302ddc\" data-id=\"2302ddc\" data-element_type=\"column\">\n\t\t\t<div class=\"elementor-widget-wrap elementor-element-populated\">\n\t\t\t\t\t\t<div class=\"elementor-element elementor-element-1ca3346 elementor-align-right animated-slow elementor-invisible elementor-widget elementor-widget-button\" data-id=\"1ca3346\" data-element_type=\"widget\" data-settings=\"{&quot;motion_fx_motion_fx_scrolling&quot;:&quot;yes&quot;,&quot;_animation&quot;:&quot;fadeIn&quot;,&quot;_animation_delay&quot;:1000,&quot;motion_fx_devices&quot;:[&quot;desktop&quot;,&quot;tablet&quot;,&quot;mobile&quot;]}\" data-widget_type=\"button.default\">\n\t\t\t\t<div class=\"elementor-widget-container\">\n\t\t\t\t\t\t\t\t\t<div class=\"elementor-button-wrapper\">\n\t\t\t\t\t<a class=\"elementor-button elementor-button-link elementor-size-sm\" href=\"http:\/\/cnm.e93.myftpupload.com\/product\/boyer-brush\/\" id=\"Buy now\" target=\"_blank\" rel=\"noopener\">\n\t\t\t\t\t\t<span class=\"elementor-button-content-wrapper\">\n\t\t\t\t\t\t\t\t\t<span class=\"elementor-button-text\">Acheter<\/span>\n\t\t\t\t\t<\/span>\n\t\t\t\t\t<\/a>\n\t\t\t\t<\/div>\n\t\t\t\t\t\t\t\t<\/div>\n\t\t\t\t<\/div>\n\t\t\t\t\t<\/div>\n\t\t<\/div>\n\t\t\t\t\t<\/div>\n\t\t<\/section>\n\t\t\t\t\t<\/div>\n\t\t<\/div>\n\t\t\t\t\t<\/div>\n\t\t<\/section>\n\t\t\t\t<section class=\"elementor-section elementor-top-section elementor-element elementor-element-29af575 elementor-section-full_width elementor-section-height-min-height elementor-section-height-default elementor-section-items-middle elementor-invisible\" data-id=\"29af575\" data-element_type=\"section\" data-settings=\"{&quot;background_background&quot;:&quot;classic&quot;,&quot;animation&quot;:&quot;slideInLeft&quot;,&quot;animation_mobile&quot;:&quot;slideInUp&quot;}\">\n\t\t\t\t\t\t<div class=\"elementor-container elementor-column-gap-default\">\n\t\t\t\t\t<div class=\"elementor-column elementor-col-100 elementor-top-column elementor-element elementor-element-9bd412a\" data-id=\"9bd412a\" data-element_type=\"column\">\n\t\t\t<div class=\"elementor-widget-wrap elementor-element-populated\">\n\t\t\t\t\t\t<section class=\"elementor-section elementor-inner-section elementor-element elementor-element-81c1a46 elementor-section-boxed elementor-section-height-default elementor-section-height-default\" data-id=\"81c1a46\" data-element_type=\"section\">\n\t\t\t\t\t\t<div class=\"elementor-container elementor-column-gap-default\">\n\t\t\t\t\t<div class=\"elementor-column elementor-col-50 elementor-inner-column elementor-element elementor-element-3094b65\" data-id=\"3094b65\" data-element_type=\"column\">\n\t\t\t<div class=\"elementor-widget-wrap\">\n\t\t\t\t\t\t\t<\/div>\n\t\t<\/div>\n\t\t\t\t<div class=\"elementor-column elementor-col-50 elementor-inner-column elementor-element elementor-element-9bff0c5\" data-id=\"9bff0c5\" data-element_type=\"column\">\n\t\t\t<div class=\"elementor-widget-wrap elementor-element-populated\">\n\t\t\t\t\t\t<div class=\"elementor-element elementor-element-71d721b elementor-align-right animated-slow elementor-invisible elementor-widget elementor-widget-button\" data-id=\"71d721b\" data-element_type=\"widget\" data-settings=\"{&quot;motion_fx_motion_fx_scrolling&quot;:&quot;yes&quot;,&quot;_animation&quot;:&quot;fadeIn&quot;,&quot;_animation_delay&quot;:1000,&quot;motion_fx_devices&quot;:[&quot;desktop&quot;,&quot;tablet&quot;,&quot;mobile&quot;]}\" data-widget_type=\"button.default\">\n\t\t\t\t<div class=\"elementor-widget-container\">\n\t\t\t\t\t\t\t\t\t<div class=\"elementor-button-wrapper\">\n\t\t\t\t\t<a class=\"elementor-button elementor-button-link elementor-size-sm\" href=\"https:\/\/boyerbrush.ca\/fr\/boutique\/\" id=\"Buy now\">\n\t\t\t\t\t\t<span class=\"elementor-button-content-wrapper\">\n\t\t\t\t\t\t\t\t\t<span class=\"elementor-button-text\">Acheter<\/span>\n\t\t\t\t\t<\/span>\n\t\t\t\t\t<\/a>\n\t\t\t\t<\/div>\n\t\t\t\t\t\t\t\t<\/div>\n\t\t\t\t<\/div>\n\t\t\t\t\t<\/div>\n\t\t<\/div>\n\t\t\t\t\t<\/div>\n\t\t<\/section>\n\t\t\t\t\t<\/div>\n\t\t<\/div>\n\t\t\t\t\t<\/div>\n\t\t<\/section>\n\t\t\t\t<\/div>\n\t\t","protected":false},"excerpt":{"rendered":"<p>Le blog Boyer Trucs et astuces pour chaque grilleur Acheter Acheter<\/p>\n","protected":false},"author":4,"featured_media":0,"parent":0,"menu_order":0,"comment_status":"closed","ping_status":"closed","template":"","meta":{"footnotes":""},"class_list":["post-3645","page","type-page","status-publish","hentry"],"_links":{"self":[{"href":"https:\/\/boyerbrush.ca\/fr\/wp-json\/wp\/v2\/pages\/3645","targetHints":{"allow":["GET"]}}],"collection":[{"href":"https:\/\/boyerbrush.ca\/fr\/wp-json\/wp\/v2\/pages"}],"about":[{"href":"https:\/\/boyerbrush.ca\/fr\/wp-json\/wp\/v2\/types\/page"}],"author":[{"embeddable":true,"href":"https:\/\/boyerbrush.ca\/fr\/wp-json\/wp\/v2\/users\/4"}],"replies":[{"embeddable":true,"href":"https:\/\/boyerbrush.ca\/fr\/wp-json\/wp\/v2\/comments?post=3645"}],"version-history":[{"count":3,"href":"https:\/\/boyerbrush.ca\/fr\/wp-json\/wp\/v2\/pages\/3645\/revisions"}],"predecessor-version":[{"id":6237,"href":"https:\/\/boyerbrush.ca\/fr\/wp-json\/wp\/v2\/pages\/3645\/revisions\/6237"}],"wp:attachment":[{"href":"https:\/\/boyerbrush.ca\/fr\/wp-json\/wp\/v2\/media?parent=3645"}],"curies":[{"name":"wp","href":"https:\/\/api.w.org\/{rel}","templated":true}]}}