{"id":3657,"date":"2023-03-15T18:35:51","date_gmt":"2023-03-15T22:35:51","guid":{"rendered":"https:\/\/boyerbrush.ca\/politique-dexpedition\/"},"modified":"2023-10-11T08:51:01","modified_gmt":"2023-10-11T12:51:01","slug":"politique-dexpedition","status":"publish","type":"page","link":"https:\/\/boyerbrush.ca\/fr\/politique-dexpedition\/","title":{"rendered":"Politique d\u2019exp\u00e9dition"},"content":{"rendered":"\t\t<div data-elementor-type=\"wp-page\" data-elementor-id=\"3657\" class=\"elementor elementor-3657 elementor-149\" data-elementor-post-type=\"page\">\n\t\t\t\t\t\t<section class=\"elementor-section elementor-top-section elementor-element elementor-element-60c53974 elementor-section-boxed elementor-section-height-default elementor-section-height-default\" data-id=\"60c53974\" data-element_type=\"section\">\n\t\t\t\t\t\t<div class=\"elementor-container elementor-column-gap-default\">\n\t\t\t\t\t<div class=\"elementor-column elementor-col-100 elementor-top-column elementor-element elementor-element-588829e5\" data-id=\"588829e5\" data-element_type=\"column\">\n\t\t\t<div class=\"elementor-widget-wrap elementor-element-populated\">\n\t\t\t\t\t\t<div class=\"elementor-element elementor-element-cf11b22 elementor-widget elementor-widget-text-editor\" data-id=\"cf11b22\" data-element_type=\"widget\" data-widget_type=\"text-editor.default\">\n\t\t\t\t<div class=\"elementor-widget-container\">\n\t\t\t\t\t\t\t\t\t<h2>Politique d\u2019exp\u00e9dition<\/h2>\n<p><span style=\"color: #ff6600;\"><b>Sur les commandes Boyer Brush<\/b><\/span><\/p>\n<p>Nous offrons la livraison gratuite sur toutes les commandes au Canada. Nous exp\u00e9dions \u00e9galement aux \u00c9tats-Unis et \u00e0 l\u2019international moyennant des frais suppl\u00e9mentaires. Veuillez noter que les commandes internationales peuvent \u00eatre soumises \u00e0 des frais de douane, des taxes d\u2019importation ou d\u2019autres frais, qui sont \u00e0 la charge de l\u2019acheteur.<\/p>\n<p>Nous nous effor\u00e7ons de traiter et d\u2019exp\u00e9dier votre commande le plus rapidement possible, g\u00e9n\u00e9ralement dans les 3 \u00e0 5 jours ouvrables. Une fois votre commande exp\u00e9di\u00e9e, vous recevrez un e-mail de confirmation avec un num\u00e9ro de suivi.<\/p>\n<p>Si vous avez des questions ou des pr\u00e9occupations concernant notre politique d\u2019exp\u00e9dition ou de retour, veuillez nous contacter \u00e0 info@boyerbrush.ca. Nous sommes heureux de vous aider!<\/p>\n<p><span style=\"color: #ff6600;\"><b>Sur les commandes imprim\u00e9es<\/b><\/span><\/p>\n<p><strong>Quand vais-je recevoir ma commande?<\/strong><\/p>\n<p>Habituellement, il faut 3 \u00e0 7 jours pour traiter une commande, apr\u00e8s quoi elle est exp\u00e9di\u00e9e. Le d\u00e9lai d\u2019exp\u00e9dition<br>d\u00e9pend de votre emplacement, mais peut \u00eatre estim\u00e9 comme suit:<br>\u25cf \u00c9tats-Unis : 3 \u00e0 4 jours ouvrables<br>\u25cf Europe : 6 \u00e0 8 jours ouvrables<br>\u25cf Australie : 2 \u00e0 14 jours ouvrables<br>\u25cf Japon : 4 \u00e0 8 jours ouvrables<br>\u25cf International : 10 \u00e0 20 jours ouvrables<\/p>\n<p><strong>D\u2019o\u00f9 ma commande sera-t-elle exp\u00e9di\u00e9e?<\/strong><br>Nous travaillons avec une entreprise de traitement des commandes \u00e0 la demande avec des installations dans le monde entier!<\/p>\n<p><strong>Serai-je factur\u00e9 des frais de douane pour ma commande?<\/strong><br>Des frais de douane et de taxes suppl\u00e9mentaires peuvent \u00eatre factur\u00e9s sur les commandes internationales. Ces frais ne sont pas sous notre contr\u00f4le<br>et est \u00e9valu\u00e9 par votre bureau de douane local. Les politiques douani\u00e8res varient consid\u00e9rablement d\u2019un pays \u00e0 l\u2019autre, de sorte que<br>Veuillez v\u00e9rifier directement aupr\u00e8s de votre bureau de douane local s\u2019ils appliquent des droits et des taxes \u00e0 vos achats.<\/p>\n<p><strong>Ma commande devrait \u00eatre ici maintenant, mais je ne l\u2019ai toujours pas. Que dois-je faire?<\/strong><\/p>\n<p>Avant de nous contacter, veuillez nous aider en proc\u00e9dant comme suit:<br>\u25cf V\u00e9rifiez votre e-mail de confirmation d\u2019exp\u00e9dition pour toute erreur dans l\u2019adresse de livraison<br>\u25cf Demandez \u00e0 votre bureau de poste local s\u2019ils ont votre colis<br>\u25cf Arr\u00eatez-vous chez vos voisins au cas o\u00f9 le courrier aurait laiss\u00e9 le colis avec eux<\/p>\n<p><br>Si l\u2019adresse de livraison \u00e9tait correcte et que le colis n\u2019a pas \u00e9t\u00e9 laiss\u00e9 au bureau de poste ou \u00e0 votre<br>Voisin, contactez-nous \u00e0 info[at]Boyerbrush[dot]ca avec votre num\u00e9ro de commande.<\/p>\n<p>Si vous avez trouv\u00e9 une erreur dans votre adresse de livraison, nous pouvons vous envoyer une commande de remplacement, mais<br>L\u2019exp\u00e9dition se fera \u00e0 vos frais.<\/p>\n<p><strong>Ordres<\/strong><\/p>\n<p><strong>Comment sont fabriqu\u00e9s vos produits ?<\/strong><\/p>\n<p>Nous travaillons avec un exp\u00e9diteur direct d\u2019impression \u00e0 la demande. Ils ont des emplacements dans le monde entier, donc en fonction de<br>O\u00f9 que vous soyez, vos commandes sont imprim\u00e9es et exp\u00e9di\u00e9es \u00e0 partir de l\u2019installation qui peut le faire le plus efficacement!<\/p>\n<p><br>Conseil: Consultez les s\u00e9quences de production de Printful pour voir comment nous remplissons des produits sp\u00e9cifiques.<\/p>\n<p><strong>Comment puis-je suivre ma commande?<\/strong><\/p>\n<p>Vous recevrez un lien de suivi par e-mail lorsque votre commande sera exp\u00e9di\u00e9e. Si vous avez des questions sur<br>Votre suivi ou votre exp\u00e9dition, \u00e9crivez-nous \u00e0 Info[at]Boyerbrush[dot]CA.<\/p>\n<p><strong>J\u2019ai re\u00e7u un produit erron\u00e9\/endommag\u00e9, que dois-je faire ?<\/strong><\/p>\n<p>Nous sommes d\u00e9sol\u00e9s si le produit que vous avez command\u00e9 est arriv\u00e9 endommag\u00e9. Pour nous aider \u00e0 r\u00e9soudre ce probl\u00e8me pour vous<br>Rapidement, veuillez nous envoyer un e-mail dans un [insert your support email here] d\u00e9lai d\u2019une semaine avec des photos du produit endommag\u00e9, votre num\u00e9ro de commande et tout autre d\u00e9tail que vous pourriez avoir sur votre commande.<\/p>\n<p>Nous reviendrons vers vous avec une r\u00e9solution d\u00e8s que possible!<\/p>\t\t\t\t\t\t\t\t<\/div>\n\t\t\t\t<\/div>\n\t\t\t\t\t<\/div>\n\t\t<\/div>\n\t\t\t\t\t<\/div>\n\t\t<\/section>\n\t\t\t\t<\/div>\n\t\t","protected":false},"excerpt":{"rendered":"<p>Politique d\u2019exp\u00e9dition Sur les commandes Boyer Brush Nous offrons la livraison gratuite sur toutes les commandes au Canada. Nous exp\u00e9dions \u00e9galement aux \u00c9tats-Unis et \u00e0 l\u2019international moyennant des frais suppl\u00e9mentaires. Veuillez noter que les commandes internationales peuvent \u00eatre soumises \u00e0 des frais de douane, des taxes d\u2019importation ou d\u2019autres frais, qui sont \u00e0 la charge [&hellip;]<\/p>\n","protected":false},"author":4,"featured_media":0,"parent":0,"menu_order":0,"comment_status":"closed","ping_status":"closed","template":"","meta":{"footnotes":""},"class_list":["post-3657","page","type-page","status-publish","hentry"],"_links":{"self":[{"href":"https:\/\/boyerbrush.ca\/fr\/wp-json\/wp\/v2\/pages\/3657","targetHints":{"allow":["GET"]}}],"collection":[{"href":"https:\/\/boyerbrush.ca\/fr\/wp-json\/wp\/v2\/pages"}],"about":[{"href":"https:\/\/boyerbrush.ca\/fr\/wp-json\/wp\/v2\/types\/page"}],"author":[{"embeddable":true,"href":"https:\/\/boyerbrush.ca\/fr\/wp-json\/wp\/v2\/users\/4"}],"replies":[{"embeddable":true,"href":"https:\/\/boyerbrush.ca\/fr\/wp-json\/wp\/v2\/comments?post=3657"}],"version-history":[{"count":0,"href":"https:\/\/boyerbrush.ca\/fr\/wp-json\/wp\/v2\/pages\/3657\/revisions"}],"wp:attachment":[{"href":"https:\/\/boyerbrush.ca\/fr\/wp-json\/wp\/v2\/media?parent=3657"}],"curies":[{"name":"wp","href":"https:\/\/api.w.org\/{rel}","templated":true}]}}