{"id":4637,"date":"2023-08-02T13:01:47","date_gmt":"2023-08-02T17:01:47","guid":{"rendered":"https:\/\/boyerbrush.ca\/faq\/"},"modified":"2025-06-28T07:57:43","modified_gmt":"2025-06-28T11:57:43","slug":"faq","status":"publish","type":"page","link":"https:\/\/boyerbrush.ca\/fr\/faq\/","title":{"rendered":"FAQ"},"content":{"rendered":"\t\t<div data-elementor-type=\"wp-page\" data-elementor-id=\"4637\" class=\"elementor elementor-4637 elementor-4326\" data-elementor-post-type=\"page\">\n\t\t\t\t\t\t<section class=\"elementor-section elementor-top-section elementor-element elementor-element-5ba4df2 elementor-section-boxed elementor-section-height-default elementor-section-height-default\" data-id=\"5ba4df2\" data-element_type=\"section\">\n\t\t\t\t\t\t<div class=\"elementor-container elementor-column-gap-default\">\n\t\t\t\t\t<div class=\"elementor-column elementor-col-100 elementor-top-column elementor-element elementor-element-a6ba50f\" data-id=\"a6ba50f\" data-element_type=\"column\">\n\t\t\t<div class=\"elementor-widget-wrap elementor-element-populated\">\n\t\t\t\t\t\t<div class=\"elementor-element elementor-element-566dfb9 elementor-widget elementor-widget-heading\" data-id=\"566dfb9\" data-element_type=\"widget\" data-widget_type=\"heading.default\">\n\t\t\t\t<div class=\"elementor-widget-container\">\n\t\t\t\t\t<h3 class=\"elementor-heading-title elementor-size-default\">Vous avez des questions? <br><br>Nous avons la FAQ<\/h3>\t\t\t\t<\/div>\n\t\t\t\t<\/div>\n\t\t\t\t<div class=\"elementor-element elementor-element-8034617 elementor-widget elementor-widget-accordion\" data-id=\"8034617\" data-element_type=\"widget\" data-widget_type=\"accordion.default\">\n\t\t\t\t<div class=\"elementor-widget-container\">\n\t\t\t\t\t\t\t<div class=\"elementor-accordion\">\n\t\t\t\t\t\t\t<div class=\"elementor-accordion-item\">\n\t\t\t\t\t<div id=\"elementor-tab-title-1341\" class=\"elementor-tab-title\" data-tab=\"1\" role=\"button\" aria-controls=\"elementor-tab-content-1341\" aria-expanded=\"false\">\n\t\t\t\t\t\t\t\t\t\t\t\t\t<span class=\"elementor-accordion-icon elementor-accordion-icon-left\" aria-hidden=\"true\">\n\t\t\t\t\t\t\t\t\t\t\t\t\t\t\t<span class=\"elementor-accordion-icon-closed\"><i class=\"fas fa-plus\"><\/i><\/span>\n\t\t\t\t\t\t\t\t<span class=\"elementor-accordion-icon-opened\"><i class=\"fas fa-minus\"><\/i><\/span>\n\t\t\t\t\t\t\t\t\t\t\t\t\t\t<\/span>\n\t\t\t\t\t\t\t\t\t\t\t\t<a class=\"elementor-accordion-title\" tabindex=\"0\">En quoi la Brosse Boyer\u00ae diff\u00e8re-t-elle des brosses traditionnelles \u00e0 poils ? <\/a>\n\t\t\t\t\t<\/div>\n\t\t\t\t\t<div id=\"elementor-tab-content-1341\" class=\"elementor-tab-content elementor-clearfix\" data-tab=\"1\" role=\"region\" aria-labelledby=\"elementor-tab-title-1341\"><p>La Brosse Boyer\u00ae est une <a href=\"https:\/\/boyerbrush.ca\/fr\/comparaison-des-fonctionnalites\/\">refonte compl\u00e8te de la brosse BBQ enti\u00e8rement repens\u00e9e<\/a>. Sa poign\u00e9e est fabriqu\u00e9e \u00e0 partir d\u2019une poign\u00e9e et d\u2019un cadre solides en fonte d\u2019aluminium d\u2019une seule pi\u00e8ce, associ\u00e9s \u00e0 un syst\u00e8me de poils de fil form\u00e9 brevet\u00e9 durable. De plus, il dispose de 24 aciers inoxydables de haute qualit\u00e9 solidement ins\u00e9r\u00e9s dans la poign\u00e9e. Le syst\u00e8me est r\u00e9sistant \u00e0 la chaleur et emp\u00eache la perte de poils de fil tout en s\u2019ajustant dynamiquement aux diff\u00e9rentes conceptions de gril.<\/p>\n<\/div>\n\t\t\t\t<\/div>\n\t\t\t\t\t\t\t<div class=\"elementor-accordion-item\">\n\t\t\t\t\t<div id=\"elementor-tab-title-1342\" class=\"elementor-tab-title\" data-tab=\"2\" role=\"button\" aria-controls=\"elementor-tab-content-1342\" aria-expanded=\"false\">\n\t\t\t\t\t\t\t\t\t\t\t\t\t<span class=\"elementor-accordion-icon elementor-accordion-icon-left\" aria-hidden=\"true\">\n\t\t\t\t\t\t\t\t\t\t\t\t\t\t\t<span class=\"elementor-accordion-icon-closed\"><i class=\"fas fa-plus\"><\/i><\/span>\n\t\t\t\t\t\t\t\t<span class=\"elementor-accordion-icon-opened\"><i class=\"fas fa-minus\"><\/i><\/span>\n\t\t\t\t\t\t\t\t\t\t\t\t\t\t<\/span>\n\t\t\t\t\t\t\t\t\t\t\t\t<a class=\"elementor-accordion-title\" tabindex=\"0\">Quels sont les avantages de l\u2019utilisation d\u2019une brosse BBQ sans poils?<\/a>\n\t\t\t\t\t<\/div>\n\t\t\t\t\t<div id=\"elementor-tab-content-1342\" class=\"elementor-tab-content elementor-clearfix\" data-tab=\"2\" role=\"region\" aria-labelledby=\"elementor-tab-title-1342\"><p>L\u2019utilisation de la brosse BBQ Boyer signifie que vous n\u2019avez plus \u00e0 vous soucier des dangers potentiels associ\u00e9s aux brosses conventionnelles qui ont des poils, car il n\u2019y a aucun risque que les poils l\u00e2ches se retrouvent sur votre gril et p\u00e9n\u00e8trent dans vos aliments.<\/p>\n<\/div>\n\t\t\t\t<\/div>\n\t\t\t\t\t\t\t<div class=\"elementor-accordion-item\">\n\t\t\t\t\t<div id=\"elementor-tab-title-1343\" class=\"elementor-tab-title\" data-tab=\"3\" role=\"button\" aria-controls=\"elementor-tab-content-1343\" aria-expanded=\"false\">\n\t\t\t\t\t\t\t\t\t\t\t\t\t<span class=\"elementor-accordion-icon elementor-accordion-icon-left\" aria-hidden=\"true\">\n\t\t\t\t\t\t\t\t\t\t\t\t\t\t\t<span class=\"elementor-accordion-icon-closed\"><i class=\"fas fa-plus\"><\/i><\/span>\n\t\t\t\t\t\t\t\t<span class=\"elementor-accordion-icon-opened\"><i class=\"fas fa-minus\"><\/i><\/span>\n\t\t\t\t\t\t\t\t\t\t\t\t\t\t<\/span>\n\t\t\t\t\t\t\t\t\t\t\t\t<a class=\"elementor-accordion-title\" tabindex=\"0\">Comment la La Brosse Boyer\u00ae nettoie-t-elle les grilles du gril?<\/a>\n\t\t\t\t\t<\/div>\n\t\t\t\t\t<div id=\"elementor-tab-content-1343\" class=\"elementor-tab-content elementor-clearfix\" data-tab=\"3\" role=\"region\" aria-labelledby=\"elementor-tab-title-1343\"><p>Gr\u00e2ce \u00e0 sa conception innovante en forme de T, le nettoyage avec la brosse Boyer <a href=\"https:\/\/boyerbrush.ca\/how-to-use\/\">est facile et efficace<\/a>. Il suffit de poser la brosse \u00e0 plat sur la grille et de la pousser fermement vers l\u2019avant. Les tiges saillantes entre les grilles permettent un nettoyage en profondeur de la surface et des c\u00f4t\u00e9s de la grille.<\/p>\n<\/div>\n\t\t\t\t<\/div>\n\t\t\t\t\t\t\t<div class=\"elementor-accordion-item\">\n\t\t\t\t\t<div id=\"elementor-tab-title-1344\" class=\"elementor-tab-title\" data-tab=\"4\" role=\"button\" aria-controls=\"elementor-tab-content-1344\" aria-expanded=\"false\">\n\t\t\t\t\t\t\t\t\t\t\t\t\t<span class=\"elementor-accordion-icon elementor-accordion-icon-left\" aria-hidden=\"true\">\n\t\t\t\t\t\t\t\t\t\t\t\t\t\t\t<span class=\"elementor-accordion-icon-closed\"><i class=\"fas fa-plus\"><\/i><\/span>\n\t\t\t\t\t\t\t\t<span class=\"elementor-accordion-icon-opened\"><i class=\"fas fa-minus\"><\/i><\/span>\n\t\t\t\t\t\t\t\t\t\t\t\t\t\t<\/span>\n\t\t\t\t\t\t\t\t\t\t\t\t<a class=\"elementor-accordion-title\" tabindex=\"0\">De quel mat\u00e9riau est fait la Brosse Boyer\u00ae ?<\/a>\n\t\t\t\t\t<\/div>\n\t\t\t\t\t<div id=\"elementor-tab-content-1344\" class=\"elementor-tab-content elementor-clearfix\" data-tab=\"4\" role=\"region\" aria-labelledby=\"elementor-tab-title-1344\"><p>La brosse BBQ Boyer est fabriqu\u00e9e \u00e0 partir de mat\u00e9riaux de premi\u00e8re qualit\u00e9 pour une performance et une durabilit\u00e9 maximales. Il est dot\u00e9 d\u2019une poign\u00e9e en aluminium pouvant r\u00e9sister \u00e0 des temp\u00e9ratures \u00e9lev\u00e9es et d\u2019un rev\u00eatement en \u00e9lastom\u00e8re r\u00e9sistant \u00e0 la chaleur pour une bonne adh\u00e9rence. Les tiges de nettoyage sont fabriqu\u00e9es en acier inoxydable de haute qualit\u00e9 pour une durabilit\u00e9 et une \u00e9limination efficace de la salet\u00e9.<\/p>\n<\/div>\n\t\t\t\t<\/div>\n\t\t\t\t\t\t\t<div class=\"elementor-accordion-item\">\n\t\t\t\t\t<div id=\"elementor-tab-title-1345\" class=\"elementor-tab-title\" data-tab=\"5\" role=\"button\" aria-controls=\"elementor-tab-content-1345\" aria-expanded=\"false\">\n\t\t\t\t\t\t\t\t\t\t\t\t\t<span class=\"elementor-accordion-icon elementor-accordion-icon-left\" aria-hidden=\"true\">\n\t\t\t\t\t\t\t\t\t\t\t\t\t\t\t<span class=\"elementor-accordion-icon-closed\"><i class=\"fas fa-plus\"><\/i><\/span>\n\t\t\t\t\t\t\t\t<span class=\"elementor-accordion-icon-opened\"><i class=\"fas fa-minus\"><\/i><\/span>\n\t\t\t\t\t\t\t\t\t\t\t\t\t\t<\/span>\n\t\t\t\t\t\t\t\t\t\t\t\t<a class=\"elementor-accordion-title\" tabindex=\"0\">La Brosse Boyer\u00ae est-elle s\u00e9curitaire sur tous les types de grilles de gril (acier inoxydable, fonte, porcelaine, etc.)?<\/a>\n\t\t\t\t\t<\/div>\n\t\t\t\t\t<div id=\"elementor-tab-content-1345\" class=\"elementor-tab-content elementor-clearfix\" data-tab=\"5\" role=\"region\" aria-labelledby=\"elementor-tab-title-1345\"><p>Absolument! La brosse BBQ Boyer est con\u00e7ue pour \u00eatre compatible avec tous les types de mat\u00e9riaux de grille de gril disponibles sur le march\u00e9. Que votre gril soit en acier inoxydable, en fonte, recouvert de porcelaine ou d\u2019autres types de grilles, la brosse Boyer fournira d\u2019excellents r\u00e9sultats de nettoyage sans causer de dommages.<\/p>\n<\/div>\n\t\t\t\t<\/div>\n\t\t\t\t\t\t\t<div class=\"elementor-accordion-item\">\n\t\t\t\t\t<div id=\"elementor-tab-title-1346\" class=\"elementor-tab-title\" data-tab=\"6\" role=\"button\" aria-controls=\"elementor-tab-content-1346\" aria-expanded=\"false\">\n\t\t\t\t\t\t\t\t\t\t\t\t\t<span class=\"elementor-accordion-icon elementor-accordion-icon-left\" aria-hidden=\"true\">\n\t\t\t\t\t\t\t\t\t\t\t\t\t\t\t<span class=\"elementor-accordion-icon-closed\"><i class=\"fas fa-plus\"><\/i><\/span>\n\t\t\t\t\t\t\t\t<span class=\"elementor-accordion-icon-opened\"><i class=\"fas fa-minus\"><\/i><\/span>\n\t\t\t\t\t\t\t\t\t\t\t\t\t\t<\/span>\n\t\t\t\t\t\t\t\t\t\t\t\t<a class=\"elementor-accordion-title\" tabindex=\"0\">Comment nettoyer et entretenir la Brosse Boyer\u00ae?<\/a>\n\t\t\t\t\t<\/div>\n\t\t\t\t\t<div id=\"elementor-tab-content-1346\" class=\"elementor-tab-content elementor-clearfix\" data-tab=\"6\" role=\"region\" aria-labelledby=\"elementor-tab-title-1346\"><p>L\u2019entretien de la brosse Boyer BBQ est simple et sans tracas. Vous pouvez facilement le rincer \u00e0 l\u2019eau ti\u00e8de apr\u00e8s chaque utilisation pour \u00e9liminer tout r\u00e9sidu. Pour un nettoyage plus approfondi, la brosse va au lave-vaisselle, ce qui garantit qu\u2019elle reste en parfait \u00e9tat pour une utilisation prolong\u00e9e.<\/p>\n<\/div>\n\t\t\t\t<\/div>\n\t\t\t\t\t\t\t<div class=\"elementor-accordion-item\">\n\t\t\t\t\t<div id=\"elementor-tab-title-1347\" class=\"elementor-tab-title\" data-tab=\"7\" role=\"button\" aria-controls=\"elementor-tab-content-1347\" aria-expanded=\"false\">\n\t\t\t\t\t\t\t\t\t\t\t\t\t<span class=\"elementor-accordion-icon elementor-accordion-icon-left\" aria-hidden=\"true\">\n\t\t\t\t\t\t\t\t\t\t\t\t\t\t\t<span class=\"elementor-accordion-icon-closed\"><i class=\"fas fa-plus\"><\/i><\/span>\n\t\t\t\t\t\t\t\t<span class=\"elementor-accordion-icon-opened\"><i class=\"fas fa-minus\"><\/i><\/span>\n\t\t\t\t\t\t\t\t\t\t\t\t\t\t<\/span>\n\t\t\t\t\t\t\t\t\t\t\t\t<a class=\"elementor-accordion-title\" tabindex=\"0\">Puis-je utiliser la Brosse Boyer\u00ae un gril chaud?<\/a>\n\t\t\t\t\t<\/div>\n\t\t\t\t\t<div id=\"elementor-tab-content-1347\" class=\"elementor-tab-content elementor-clearfix\" data-tab=\"7\" role=\"region\" aria-labelledby=\"elementor-tab-title-1347\"><p>Absolument! la Brosse Boyer\u00ae est con\u00e7ue pour fonctionner efficacement sur les grils froids et chauds. Cependant, pour de meilleurs r\u00e9sultats, il est recommand\u00e9 de nettoyer vos grilles de gril lorsqu\u2019elles sont chaudes. La Brosse Boyer\u00ae est sp\u00e9cialement con\u00e7ue pour g\u00e9rer la chaleur et fournir des performances de nettoyage optimales.<\/p>\n<\/div>\n\t\t\t\t<\/div>\n\t\t\t\t\t\t\t<div class=\"elementor-accordion-item\">\n\t\t\t\t\t<div id=\"elementor-tab-title-1348\" class=\"elementor-tab-title\" data-tab=\"8\" role=\"button\" aria-controls=\"elementor-tab-content-1348\" aria-expanded=\"false\">\n\t\t\t\t\t\t\t\t\t\t\t\t\t<span class=\"elementor-accordion-icon elementor-accordion-icon-left\" aria-hidden=\"true\">\n\t\t\t\t\t\t\t\t\t\t\t\t\t\t\t<span class=\"elementor-accordion-icon-closed\"><i class=\"fas fa-plus\"><\/i><\/span>\n\t\t\t\t\t\t\t\t<span class=\"elementor-accordion-icon-opened\"><i class=\"fas fa-minus\"><\/i><\/span>\n\t\t\t\t\t\t\t\t\t\t\t\t\t\t<\/span>\n\t\t\t\t\t\t\t\t\t\t\t\t<a class=\"elementor-accordion-title\" tabindex=\"0\">La Brosse Boyer\u00ae Boyer \u00e9limine-t-elle efficacement les r\u00e9sidus?<\/a>\n\t\t\t\t\t<\/div>\n\t\t\t\t\t<div id=\"elementor-tab-content-1348\" class=\"elementor-tab-content elementor-clearfix\" data-tab=\"8\" role=\"region\" aria-labelledby=\"elementor-tab-title-1348\"><p>Oui, en effet! La Brosse Boyer\u00ae peut s\u2019attaquer aux r\u00e9sidus tenaces, surtout lorsqu\u2019elle est utilis\u00e9e sur un gril chaud. Sa conception sans poils et ses mat\u00e9riaux de haute qualit\u00e9 garantissent un nettoyage efficace, sans effort et rapide.<\/p>\n<\/div>\n\t\t\t\t<\/div>\n\t\t\t\t\t\t\t<div class=\"elementor-accordion-item\">\n\t\t\t\t\t<div id=\"elementor-tab-title-1349\" class=\"elementor-tab-title\" data-tab=\"9\" role=\"button\" aria-controls=\"elementor-tab-content-1349\" aria-expanded=\"false\">\n\t\t\t\t\t\t\t\t\t\t\t\t\t<span class=\"elementor-accordion-icon elementor-accordion-icon-left\" aria-hidden=\"true\">\n\t\t\t\t\t\t\t\t\t\t\t\t\t\t\t<span class=\"elementor-accordion-icon-closed\"><i class=\"fas fa-plus\"><\/i><\/span>\n\t\t\t\t\t\t\t\t<span class=\"elementor-accordion-icon-opened\"><i class=\"fas fa-minus\"><\/i><\/span>\n\t\t\t\t\t\t\t\t\t\t\t\t\t\t<\/span>\n\t\t\t\t\t\t\t\t\t\t\t\t<a class=\"elementor-accordion-title\" tabindex=\"0\">Combien de temps dure g\u00e9n\u00e9ralement la Brosse Boyer\u00ae?<\/a>\n\t\t\t\t\t<\/div>\n\t\t\t\t\t<div id=\"elementor-tab-content-1349\" class=\"elementor-tab-content elementor-clearfix\" data-tab=\"9\" role=\"region\" aria-labelledby=\"elementor-tab-title-1349\"><p>Dans des conditions normales d\u2019utilisation et en suivant les instructions fournies, la Brosse Boyer\u00ae peut durer plusieurs ann\u00e9es. Pour assurer sa long\u00e9vit\u00e9, nous vous recommandons de l\u2019utiliser comme indiqu\u00e9 sur notre <a href=\"https:\/\/boyerbrush.ca\/how-to-use\/\">page comment utiliser<\/a> ou le code QR situ\u00e9 sur le pinceau.<\/p>\n<\/div>\n\t\t\t\t<\/div>\n\t\t\t\t\t\t\t<div class=\"elementor-accordion-item\">\n\t\t\t\t\t<div id=\"elementor-tab-title-13410\" class=\"elementor-tab-title\" data-tab=\"10\" role=\"button\" aria-controls=\"elementor-tab-content-13410\" aria-expanded=\"false\">\n\t\t\t\t\t\t\t\t\t\t\t\t\t<span class=\"elementor-accordion-icon elementor-accordion-icon-left\" aria-hidden=\"true\">\n\t\t\t\t\t\t\t\t\t\t\t\t\t\t\t<span class=\"elementor-accordion-icon-closed\"><i class=\"fas fa-plus\"><\/i><\/span>\n\t\t\t\t\t\t\t\t<span class=\"elementor-accordion-icon-opened\"><i class=\"fas fa-minus\"><\/i><\/span>\n\t\t\t\t\t\t\t\t\t\t\t\t\t\t<\/span>\n\t\t\t\t\t\t\t\t\t\t\t\t<a class=\"elementor-accordion-title\" tabindex=\"0\">La Brosse Boyer\u00ae est-elle compatible avec le lave-vaisselle ?<\/a>\n\t\t\t\t\t<\/div>\n\t\t\t\t\t<div id=\"elementor-tab-content-13410\" class=\"elementor-tab-content elementor-clearfix\" data-tab=\"10\" role=\"region\" aria-labelledby=\"elementor-tab-title-13410\"><p>Absolument!. La Brosse Boyer\u00ae va au lave-vaisselle, ce qui la rend incroyablement pratique \u00e0 nettoyer et \u00e0 entretenir. Il suffit de le placer dans le lave-vaisselle et il sera pr\u00eat pour votre prochaine s\u00e9ance de barbecue.<\/p>\n<\/div>\n\t\t\t\t<\/div>\n\t\t\t\t\t\t\t\t\t\t<script type=\"application\/ld+json\">{\"@context\":\"https:\\\/\\\/schema.org\",\"@type\":\"FAQPage\",\"mainEntity\":[{\"@type\":\"Question\",\"name\":\"En quoi la Brosse Boyer\\u00ae diff\\u00e8re-t-elle des brosses traditionnelles \\u00e0 poils ?\",\"acceptedAnswer\":{\"@type\":\"Answer\",\"text\":\"<p>La Brosse Boyer\\u00ae est une <a href=\\\"https:\\\/\\\/boyerbrush.ca\\\/fr\\\/comparaison-des-fonctionnalites\\\/\\\">refonte compl\\u00e8te de la brosse BBQ enti\\u00e8rement repens\\u00e9e<\\\/a>. Sa poign\\u00e9e est fabriqu\\u00e9e \\u00e0 partir d\\u2019une poign\\u00e9e et d\\u2019un cadre solides en fonte d\\u2019aluminium d\\u2019une seule pi\\u00e8ce, associ\\u00e9s \\u00e0 un syst\\u00e8me de poils de fil form\\u00e9 brevet\\u00e9 durable. De plus, il dispose de 24 aciers inoxydables de haute qualit\\u00e9 solidement ins\\u00e9r\\u00e9s dans la poign\\u00e9e. Le syst\\u00e8me est r\\u00e9sistant \\u00e0 la chaleur et emp\\u00eache la perte de poils de fil tout en s\\u2019ajustant dynamiquement aux diff\\u00e9rentes conceptions de gril.<\\\/p>\\n\"}},{\"@type\":\"Question\",\"name\":\"Quels sont les avantages de l\\u2019utilisation d\\u2019une brosse BBQ sans poils?\",\"acceptedAnswer\":{\"@type\":\"Answer\",\"text\":\"<p>L\\u2019utilisation de la brosse BBQ Boyer signifie que vous n\\u2019avez plus \\u00e0 vous soucier des dangers potentiels associ\\u00e9s aux brosses conventionnelles qui ont des poils, car il n\\u2019y a aucun risque que les poils l\\u00e2ches se retrouvent sur votre gril et p\\u00e9n\\u00e8trent dans vos aliments.<\\\/p>\\n\"}},{\"@type\":\"Question\",\"name\":\"Comment la La Brosse Boyer\\u00ae nettoie-t-elle les grilles du gril?\",\"acceptedAnswer\":{\"@type\":\"Answer\",\"text\":\"<p>Gr\\u00e2ce \\u00e0 sa conception innovante en forme de T, le nettoyage avec la brosse Boyer <a href=\\\"https:\\\/\\\/boyerbrush.ca\\\/how-to-use\\\/\\\">est facile et efficace<\\\/a>. Il suffit de poser la brosse \\u00e0 plat sur la grille et de la pousser fermement vers l\\u2019avant. Les tiges saillantes entre les grilles permettent un nettoyage en profondeur de la surface et des c\\u00f4t\\u00e9s de la grille.<\\\/p>\\n\"}},{\"@type\":\"Question\",\"name\":\"De quel mat\\u00e9riau est fait la Brosse Boyer\\u00ae ?\",\"acceptedAnswer\":{\"@type\":\"Answer\",\"text\":\"<p>La brosse BBQ Boyer est fabriqu\\u00e9e \\u00e0 partir de mat\\u00e9riaux de premi\\u00e8re qualit\\u00e9 pour une performance et une durabilit\\u00e9 maximales. Il est dot\\u00e9 d\\u2019une poign\\u00e9e en aluminium pouvant r\\u00e9sister \\u00e0 des temp\\u00e9ratures \\u00e9lev\\u00e9es et d\\u2019un rev\\u00eatement en \\u00e9lastom\\u00e8re r\\u00e9sistant \\u00e0 la chaleur pour une bonne adh\\u00e9rence. Les tiges de nettoyage sont fabriqu\\u00e9es en acier inoxydable de haute qualit\\u00e9 pour une durabilit\\u00e9 et une \\u00e9limination efficace de la salet\\u00e9.<\\\/p>\\n\"}},{\"@type\":\"Question\",\"name\":\"La Brosse Boyer\\u00ae est-elle s\\u00e9curitaire sur tous les types de grilles de gril (acier inoxydable, fonte, porcelaine, etc.)?\",\"acceptedAnswer\":{\"@type\":\"Answer\",\"text\":\"<p>Absolument! La brosse BBQ Boyer est con\\u00e7ue pour \\u00eatre compatible avec tous les types de mat\\u00e9riaux de grille de gril disponibles sur le march\\u00e9. Que votre gril soit en acier inoxydable, en fonte, recouvert de porcelaine ou d\\u2019autres types de grilles, la brosse Boyer fournira d\\u2019excellents r\\u00e9sultats de nettoyage sans causer de dommages.<\\\/p>\\n\"}},{\"@type\":\"Question\",\"name\":\"Comment nettoyer et entretenir la Brosse Boyer\\u00ae?\",\"acceptedAnswer\":{\"@type\":\"Answer\",\"text\":\"<p>L\\u2019entretien de la brosse Boyer BBQ est simple et sans tracas. Vous pouvez facilement le rincer \\u00e0 l\\u2019eau ti\\u00e8de apr\\u00e8s chaque utilisation pour \\u00e9liminer tout r\\u00e9sidu. Pour un nettoyage plus approfondi, la brosse va au lave-vaisselle, ce qui garantit qu\\u2019elle reste en parfait \\u00e9tat pour une utilisation prolong\\u00e9e.<\\\/p>\\n\"}},{\"@type\":\"Question\",\"name\":\"Puis-je utiliser la Brosse Boyer\\u00ae un gril chaud?\",\"acceptedAnswer\":{\"@type\":\"Answer\",\"text\":\"<p>Absolument! la Brosse Boyer\\u00ae est con\\u00e7ue pour fonctionner efficacement sur les grils froids et chauds. Cependant, pour de meilleurs r\\u00e9sultats, il est recommand\\u00e9 de nettoyer vos grilles de gril lorsqu\\u2019elles sont chaudes. La Brosse Boyer\\u00ae est sp\\u00e9cialement con\\u00e7ue pour g\\u00e9rer la chaleur et fournir des performances de nettoyage optimales.<\\\/p>\\n\"}},{\"@type\":\"Question\",\"name\":\"La Brosse Boyer\\u00ae Boyer \\u00e9limine-t-elle efficacement les r\\u00e9sidus?\",\"acceptedAnswer\":{\"@type\":\"Answer\",\"text\":\"<p>Oui, en effet! La Brosse Boyer\\u00ae peut s\\u2019attaquer aux r\\u00e9sidus tenaces, surtout lorsqu\\u2019elle est utilis\\u00e9e sur un gril chaud. Sa conception sans poils et ses mat\\u00e9riaux de haute qualit\\u00e9 garantissent un nettoyage efficace, sans effort et rapide.<\\\/p>\\n\"}},{\"@type\":\"Question\",\"name\":\"Combien de temps dure g\\u00e9n\\u00e9ralement la Brosse Boyer\\u00ae?\",\"acceptedAnswer\":{\"@type\":\"Answer\",\"text\":\"<p>Dans des conditions normales d\\u2019utilisation et en suivant les instructions fournies, la Brosse Boyer\\u00ae peut durer plusieurs ann\\u00e9es. Pour assurer sa long\\u00e9vit\\u00e9, nous vous recommandons de l\\u2019utiliser comme indiqu\\u00e9 sur notre <a href=\\\"https:\\\/\\\/boyerbrush.ca\\\/how-to-use\\\/\\\">page comment utiliser<\\\/a> ou le code QR situ\\u00e9 sur le pinceau.<\\\/p>\\n\"}},{\"@type\":\"Question\",\"name\":\"La Brosse Boyer\\u00ae est-elle compatible avec le lave-vaisselle ?\",\"acceptedAnswer\":{\"@type\":\"Answer\",\"text\":\"<p>Absolument!. La Brosse Boyer\\u00ae va au lave-vaisselle, ce qui la rend incroyablement pratique \\u00e0 nettoyer et \\u00e0 entretenir. Il suffit de le placer dans le lave-vaisselle et il sera pr\\u00eat pour votre prochaine s\\u00e9ance de barbecue.<\\\/p>\\n\"}}]}<\/script>\n\t\t\t\t\t<\/div>\n\t\t\t\t\t\t<\/div>\n\t\t\t\t<\/div>\n\t\t\t\t<div class=\"elementor-element elementor-element-117608b elementor-widget elementor-widget-heading\" data-id=\"117608b\" data-element_type=\"widget\" data-widget_type=\"heading.default\">\n\t\t\t\t<div class=\"elementor-widget-container\">\n\t\t\t\t\t<h4 class=\"elementor-heading-title elementor-size-default\">Comment utiliser La Brosse Boyer\u00ae<\/h4>\t\t\t\t<\/div>\n\t\t\t\t<\/div>\n\t\t\t\t<section class=\"elementor-section elementor-inner-section elementor-element elementor-element-f18c098 elementor-section-boxed elementor-section-height-default elementor-section-height-default\" data-id=\"f18c098\" data-element_type=\"section\">\n\t\t\t\t\t\t<div class=\"elementor-container elementor-column-gap-default\">\n\t\t\t\t\t<div class=\"elementor-column elementor-col-50 elementor-inner-column elementor-element elementor-element-7861f91\" data-id=\"7861f91\" data-element_type=\"column\">\n\t\t\t<div class=\"elementor-widget-wrap elementor-element-populated\">\n\t\t\t\t\t\t<div class=\"elementor-element elementor-element-7c31530 elementor-widget elementor-widget-video\" data-id=\"7c31530\" data-element_type=\"widget\" data-settings=\"{&quot;youtube_url&quot;:&quot;https:\\\/\\\/youtu.be\\\/IVdyO1JaN8I&quot;,&quot;video_type&quot;:&quot;youtube&quot;,&quot;controls&quot;:&quot;yes&quot;}\" data-widget_type=\"video.default\">\n\t\t\t\t<div class=\"elementor-widget-container\">\n\t\t\t\t\t\t\t<div class=\"elementor-wrapper elementor-open-inline\">\n\t\t\t<div class=\"elementor-video\"><\/div>\t\t<\/div>\n\t\t\t\t\t\t<\/div>\n\t\t\t\t<\/div>\n\t\t\t\t\t<\/div>\n\t\t<\/div>\n\t\t\t\t<div class=\"elementor-column elementor-col-50 elementor-inner-column elementor-element elementor-element-a558473\" data-id=\"a558473\" data-element_type=\"column\">\n\t\t\t<div class=\"elementor-widget-wrap elementor-element-populated\">\n\t\t\t\t\t\t<div class=\"elementor-element elementor-element-ef2761b elementor-widget elementor-widget-video\" data-id=\"ef2761b\" data-element_type=\"widget\" data-settings=\"{&quot;youtube_url&quot;:&quot;https:\\\/\\\/youtu.be\\\/qIJ5vqpLzY8&quot;,&quot;video_type&quot;:&quot;youtube&quot;,&quot;controls&quot;:&quot;yes&quot;}\" data-widget_type=\"video.default\">\n\t\t\t\t<div class=\"elementor-widget-container\">\n\t\t\t\t\t\t\t<div class=\"elementor-wrapper elementor-open-inline\">\n\t\t\t<div class=\"elementor-video\"><\/div>\t\t<\/div>\n\t\t\t\t\t\t<\/div>\n\t\t\t\t<\/div>\n\t\t\t\t\t<\/div>\n\t\t<\/div>\n\t\t\t\t\t<\/div>\n\t\t<\/section>\n\t\t\t\t\t<\/div>\n\t\t<\/div>\n\t\t\t\t\t<\/div>\n\t\t<\/section>\n\t\t\t\t<\/div>\n\t\t","protected":false},"excerpt":{"rendered":"<p>Vous avez des questions? Nous avons la FAQ En quoi la Brosse Boyer\u00ae diff\u00e8re-t-elle des brosses traditionnelles \u00e0 poils ? La Brosse Boyer\u00ae est une refonte compl\u00e8te de la brosse BBQ enti\u00e8rement repens\u00e9e. Sa poign\u00e9e est fabriqu\u00e9e \u00e0 partir d\u2019une poign\u00e9e et d\u2019un cadre solides en fonte d\u2019aluminium d\u2019une seule pi\u00e8ce, associ\u00e9s \u00e0 un syst\u00e8me [&hellip;]<\/p>\n","protected":false},"author":4,"featured_media":0,"parent":0,"menu_order":0,"comment_status":"closed","ping_status":"closed","template":"","meta":{"footnotes":""},"class_list":["post-4637","page","type-page","status-publish","hentry"],"_links":{"self":[{"href":"https:\/\/boyerbrush.ca\/fr\/wp-json\/wp\/v2\/pages\/4637","targetHints":{"allow":["GET"]}}],"collection":[{"href":"https:\/\/boyerbrush.ca\/fr\/wp-json\/wp\/v2\/pages"}],"about":[{"href":"https:\/\/boyerbrush.ca\/fr\/wp-json\/wp\/v2\/types\/page"}],"author":[{"embeddable":true,"href":"https:\/\/boyerbrush.ca\/fr\/wp-json\/wp\/v2\/users\/4"}],"replies":[{"embeddable":true,"href":"https:\/\/boyerbrush.ca\/fr\/wp-json\/wp\/v2\/comments?post=4637"}],"version-history":[{"count":4,"href":"https:\/\/boyerbrush.ca\/fr\/wp-json\/wp\/v2\/pages\/4637\/revisions"}],"predecessor-version":[{"id":7408,"href":"https:\/\/boyerbrush.ca\/fr\/wp-json\/wp\/v2\/pages\/4637\/revisions\/7408"}],"wp:attachment":[{"href":"https:\/\/boyerbrush.ca\/fr\/wp-json\/wp\/v2\/media?parent=4637"}],"curies":[{"name":"wp","href":"https:\/\/api.w.org\/{rel}","templated":true}]}}