{"id":3764,"date":"2023-02-25T20:39:29","date_gmt":"2023-02-26T01:39:29","guid":{"rendered":"https:\/\/boyerbrush.ca\/product\/boyer-brush-la-brosse-de-gril-la-plus-sure\/"},"modified":"2025-08-25T06:17:14","modified_gmt":"2025-08-25T10:17:14","slug":"boyer-brosse-la-brosse-grill-la-plus-sure-brosse","status":"publish","type":"product","link":"https:\/\/boyerbrush.ca\/fr\/boyer-brosse-la-brosse-grill-la-plus-sure-brosse\/","title":{"rendered":"Brosse Boyer\u00ae &#8211; La brosse \u00e0 barbecue la plus s\u00fbre"},"content":{"rendered":"<h2>Brosse Boyer<strong>\u00ae<\/strong>&#8211; La brosse \u00e0 gril la plus s\u00fbre<\/h2>\n<p>Voici la <strong>Brosse Boyer\u00ae<\/strong>, votre solution ultime pour un nettoyage s\u00fbr et efficace du gril. Notre brosse est fi\u00e8rement sans poils m\u00e9talliques, <strong>ce qui \u00e9limine le risque que des fragments de poils dangereux se retrouvent dans vos aliments et garantit que vos<\/strong> exp\u00e9riences de cuisine en plein air se d\u00e9roulent sans souci.<\/p>\n<p><strong>Mat\u00e9riaux haut de gamme pour une durabilit\u00e9<\/strong><br \/>\nin\u00e9gal\u00e9eLe c\u0153ur de notre brosse est dot\u00e9 d\u2019une bobine de ressort en fil d\u2019acier inoxydable, ing\u00e9nieusement ins\u00e9r\u00e9e dans le cadre. Cette conception innovante am\u00e9liore non seulement la <strong>durabilit\u00e9 globale de la brosse, mais renforce \u00e9galement sa r\u00e9sistance<\/strong>, ce qui lui permet de relever facilement les d\u00e9fis de nettoyage les plus difficiles.<\/p>\n<p><strong>Poign\u00e9e et cadre<\/strong><br \/>\ninflexiblesLe manche et le cadre de la brosse Boyer sont fabriqu\u00e9s en fonte d\u2019aluminium de haute qualit\u00e9. Cela garantit non seulement la long\u00e9vit\u00e9, mais permet \u00e9galement \u00e0 la brosse de<strong> r\u00e9sister \u00e0 la chaleur, \u00e0 une utilisation intensive et aux effets corrosifs du temps<\/strong>. Dites adieu aux outils de nettoyage fragiles et \u00e9ph\u00e9m\u00e8res, et bonjour \u00e0 un compagnon con\u00e7u pour r\u00e9sister \u00e0 l\u2019\u00e9preuve du temps.<\/p>\n<p><strong>Poign\u00e9e extra-longue avec prise en main<\/strong><br \/>\nam\u00e9lior\u00e9eLe nettoyage des endroits difficiles d\u2019acc\u00e8s est un jeu d\u2019enfant avec notre brosse Boyer. Le <strong>manche extra-long de 16 po (42 cm)<\/strong> vous offre la port\u00e9e \u00e9tendue dont vous avez besoin pour vous attaquer \u00e0 tous les coins et recoins. De plus, la poign\u00e9e est dot\u00e9e d\u2019une poign\u00e9e caoutchout\u00e9e antid\u00e9rapante de haute qualit\u00e9, ce qui garantit que votre exp\u00e9rience de nettoyage est aussi confortable qu\u2019efficace.<\/p>\n<p><strong>L\u2019\u00e9l\u00e9gance dans les moindres d\u00e9tails<\/strong><br \/>\nM\u00eame le logo de la brosse\u2122\ufe0f Boyer respire le style. Fabriqu\u00e9 \u00e0 partir d\u2019aluminium bross\u00e9, il ajoute une touche sophistiqu\u00e9e \u00e0 un outil de nettoyage d\u00e9j\u00e0 remarquable. Cette brosse est autant une <strong>pi\u00e8ce ma\u00eetresse qu\u2019une solution de nettoyage fonctionnelle<\/strong>.<\/p>\n<p><strong>Taille et poids<\/strong><br \/>\npratiquesLa brosse\u2122\ufe0f Boyer est l\u2019\u00e9quilibre parfait entre taille et poids. Pesant 685 grammes (1,51 lb), il est suffisamment solide pour <strong>s\u2019attaquer \u00e0 la salet\u00e9 tenace, mais suffisamment l\u00e9ger pour une utilisation prolong\u00e9e<\/strong>. Mesurant 50,8 cm x 19,1 cm (20 po x 7,5 po), le pinceau est con\u00e7u pour trouver l\u2019\u00e9quilibre parfait entre taille et fonctionnalit\u00e9.<\/p>\n<p>Ne compromettez pas votre exp\u00e9rience de cuisine en plein air. Avec notre brosse, vous pouvez maintenir en toute confiance un gril propre sans <a href=\"https:\/\/boyerbrush.ca\/dangers-grill-brush-wire-bristles\/\">vous soucier des fragments de poils nocifs<\/a>. Adoptez la solution de nettoyage de gril la plus s\u00fbre et la plus efficace et profitez de barbecues sans souci d\u00e8s aujourd\u2019hui.<\/p>\n<p>Con\u00e7u au Qu\u00e9bec<\/p>\n<p>Brevet en instance<\/p>\n<p>&nbsp;<\/p>\n","protected":false},"excerpt":{"rendered":"<p>Brosse \u00e0 ressort en fil d\u2019acier inoxydable, ins\u00e9r\u00e9e dans le cadre. Cadre en fonte d\u2019aluminium durable et poign\u00e9e extra-longue de 16\u00a0\u00bb (42 cm) pour une poign\u00e9e caoutchout\u00e9e antid\u00e9rapante.<\/p>\n<p>La brosse Boyer rendra vos t\u00e2ches de nettoyage plus rapides, plus faciles et plus efficaces. Investissez dans notre brosse aujourd\u2019hui et faites l\u2019exp\u00e9rience de la diff\u00e9rence par vous-m\u00eame!<\/p>\n<p>Con\u00e7u au Qu\u00e9bec <img decoding=\"async\" class=\"alignnone wp-image-1240 size-full\" src=\"https:\/\/boyerbrush.ca\/wp-content\/uploads\/2023\/02\/Quebec-Flag-Emoji-e1679430855181.png\" alt=\"\" width=\"20\" height=\"13\" \/><\/p>\n<p>&nbsp;<\/p>\n","protected":false},"featured_media":3305,"comment_status":"open","ping_status":"closed","template":"","meta":[],"product_brand":[],"product_cat":[75],"product_tag":[],"class_list":{"0":"post-3764","1":"product","2":"type-product","3":"status-publish","4":"has-post-thumbnail","6":"product_cat-brosses","8":"first","9":"instock","10":"taxable","11":"shipping-taxable","12":"purchasable","13":"product-type-simple"},"_links":{"self":[{"href":"https:\/\/boyerbrush.ca\/fr\/wp-json\/wp\/v2\/product\/3764","targetHints":{"allow":["GET"]}}],"collection":[{"href":"https:\/\/boyerbrush.ca\/fr\/wp-json\/wp\/v2\/product"}],"about":[{"href":"https:\/\/boyerbrush.ca\/fr\/wp-json\/wp\/v2\/types\/product"}],"replies":[{"embeddable":true,"href":"https:\/\/boyerbrush.ca\/fr\/wp-json\/wp\/v2\/comments?post=3764"}],"wp:featuredmedia":[{"embeddable":true,"href":"https:\/\/boyerbrush.ca\/fr\/wp-json\/wp\/v2\/media\/3305"}],"wp:attachment":[{"href":"https:\/\/boyerbrush.ca\/fr\/wp-json\/wp\/v2\/media?parent=3764"}],"wp:term":[{"taxonomy":"product_brand","embeddable":true,"href":"https:\/\/boyerbrush.ca\/fr\/wp-json\/wp\/v2\/product_brand?post=3764"},{"taxonomy":"product_cat","embeddable":true,"href":"https:\/\/boyerbrush.ca\/fr\/wp-json\/wp\/v2\/product_cat?post=3764"},{"taxonomy":"product_tag","embeddable":true,"href":"https:\/\/boyerbrush.ca\/fr\/wp-json\/wp\/v2\/product_tag?post=3764"}],"curies":[{"name":"wp","href":"https:\/\/api.w.org\/{rel}","templated":true}]}}