{"id":3767,"date":"2023-06-07T12:24:43","date_gmt":"2023-06-07T16:24:43","guid":{"rendered":"https:\/\/boyerbrush.ca\/product\/sauce-piquante-pentecote\/"},"modified":"2023-10-24T08:59:46","modified_gmt":"2023-10-24T12:59:46","slug":"pentecote-sauce-piquante","status":"publish","type":"product","link":"https:\/\/boyerbrush.ca\/fr\/pentecote-sauce-piquante\/","title":{"rendered":"Sauce piquante Pentec\u00f4te"},"content":{"rendered":"<div id=\"block-yui_3_17_2_1_1639832075132_122070\" class=\"sqs-block html-block sqs-block-html\" data-block-type=\"2\">\n<div class=\"sqs-block-content\">\n<h2>Sauce piquante Pentec\u00f4te Sauce piquante<\/h2>\n<p>T\u00e9moigne de l\u2019art de la magie culinaire, <strong>m\u00e9ticuleusement \u00e9labor\u00e9 avec une s\u00e9lection d\u2019ingr\u00e9dients actifs<\/strong> qui promettent une exp\u00e9rience vraiment remarquable pour vos papilles gustatives. Au c\u0153ur de cet \u00e9lixir, nous exploitons l\u2019allure fum\u00e9e des piments Habanero, impr\u00e9gnant chaque goutte de leur essence ardente, et nous compl\u00e9tons cette chaleur avec les notes complexes et aromatiques de l\u2019ail et du gingembre. Mais la magie ne s\u2019arr\u00eate pas l\u00e0 ; Notre ingr\u00e9dient secret, le vinaigre de vin blanc de qualit\u00e9 sup\u00e9rieure, conf\u00e8re une acidit\u00e9 nuanc\u00e9e qui \u00e9l\u00e8ve l\u2019ensemble de la concoction \u00e0 des sommets gastronomiques.<\/p>\n<p>Ce n\u2019est pas une sauce piquante ordinaire&nbsp;; il s\u2019agit d\u2019une formule 100% \u00e9prouv\u00e9e, \u00ab&nbsp;HARD HITTING&nbsp;\u00bb, forg\u00e9e par une<strong> fusion d\u2019alchimie \u00e9sot\u00e9rique et d\u2019expertise culinaire<\/strong>. Le r\u00e9sultat est une symphonie de saveurs qui dansent sur le palais, vous laissant sur votre faim. L\u2019art et la mystique sombre derri\u00e8re cette cr\u00e9ation ne sont compris que par ceux qui ont \u00e9t\u00e9 initi\u00e9s au monde de la manipulation des saveurs.<\/p>\n<p>En savourant chaque goutte de sauce piquante Pentec\u00f4te, vous d\u00e9couvrirez le jeu harmonieux de notes audacieuses et subtiles, r\u00e9sultat d\u2019une recette perfectionn\u00e9e au fil du temps et du d\u00e9vouement. Ce n\u2019est pas seulement un condiment&nbsp;; <strong> C\u2019est un voyage all\u00e9chant dans le royaume de l\u2019inconnu<\/strong> culinaire, promettant d\u2019\u00e9veiller vos sens et d\u2019ajouter une touche d\u2019allure \u00e9nigmatique \u00e0 votre exp\u00e9rience culinaire.<\/p>\n<\/div>\n<\/div>\n","protected":false},"excerpt":{"rendered":"<div id=\"block-yui_3_17_2_1_1639832075132_122070\" class=\"sqs-block html-block sqs-block-html\" data-block-type=\"2\">\n<div class=\"sqs-block-content\">\n<div id=\"block-yui_3_17_2_1_1639832075132_122070\" class=\"sqs-block html-block sqs-block-html\" data-block-type=\"2\">\n<div class=\"sqs-block-content\">\n<p>La sauce piquante Pentect\u00f4e est faite avec des ingr\u00e9dients actifs tels que les poivrons Habaneros fum\u00e9s, l\u2019ail, le gingembre et le vinaigre de vin blanc de premi\u00e8re qualit\u00e9. Une formule 100% \u00e9prouv\u00e9e et \u00ab HARD PERCUTING \u00bb qui allie alchimie \u00e9sot\u00e9rique et savoir-faire culinaire. La domination des t\u00e9n\u00e8bres dont le travail n\u2019est compris que par les initi\u00e9s.<\/p>\n<\/div>\n<\/div>\n<p>Flacon de 140ml<\/p>\n<\/div>\n<\/div>\n","protected":false},"featured_media":3494,"comment_status":"open","ping_status":"closed","template":"","meta":[],"product_brand":[],"product_cat":[88,90],"product_tag":[177,162,176],"class_list":{"0":"post-3767","1":"product","2":"type-product","3":"status-publish","4":"has-post-thumbnail","6":"product_cat-assaisonnements","7":"product_cat-sauces-piquantes","8":"product_tag-bbq-biceps-fr","9":"product_tag-sauces-fr","10":"product_tag-vincent-chatigny-fr","12":"first","13":"instock","14":"taxable","15":"shipping-taxable","16":"purchasable","17":"product-type-simple"},"_links":{"self":[{"href":"https:\/\/boyerbrush.ca\/fr\/wp-json\/wp\/v2\/product\/3767","targetHints":{"allow":["GET"]}}],"collection":[{"href":"https:\/\/boyerbrush.ca\/fr\/wp-json\/wp\/v2\/product"}],"about":[{"href":"https:\/\/boyerbrush.ca\/fr\/wp-json\/wp\/v2\/types\/product"}],"replies":[{"embeddable":true,"href":"https:\/\/boyerbrush.ca\/fr\/wp-json\/wp\/v2\/comments?post=3767"}],"wp:featuredmedia":[{"embeddable":true,"href":"https:\/\/boyerbrush.ca\/fr\/wp-json\/wp\/v2\/media\/3494"}],"wp:attachment":[{"href":"https:\/\/boyerbrush.ca\/fr\/wp-json\/wp\/v2\/media?parent=3767"}],"wp:term":[{"taxonomy":"product_brand","embeddable":true,"href":"https:\/\/boyerbrush.ca\/fr\/wp-json\/wp\/v2\/product_brand?post=3767"},{"taxonomy":"product_cat","embeddable":true,"href":"https:\/\/boyerbrush.ca\/fr\/wp-json\/wp\/v2\/product_cat?post=3767"},{"taxonomy":"product_tag","embeddable":true,"href":"https:\/\/boyerbrush.ca\/fr\/wp-json\/wp\/v2\/product_tag?post=3767"}],"curies":[{"name":"wp","href":"https:\/\/api.w.org\/{rel}","templated":true}]}}