{"id":3787,"date":"2023-05-13T13:53:37","date_gmt":"2023-05-13T17:53:37","guid":{"rendered":"https:\/\/boyerbrush.ca\/product\/barbe-brosse-debardeur-barbecue-fr\/"},"modified":"2025-08-25T07:55:30","modified_gmt":"2025-08-25T11:55:30","slug":"barbecue-brosse-barbecue-debardeur-debardeur","status":"publish","type":"product","link":"https:\/\/boyerbrush.ca\/fr\/barbecue-brosse-barbecue-debardeur-debardeur\/","title":{"rendered":"Barbe Brosse D\u00e9bardeur barbecue &#8211; FR"},"content":{"rendered":"<p>C\u2019est toujours une bonne d\u00e9cision d\u2019investir dans des produits de base de qualit\u00e9 sup\u00e9rieure qui auront fi\u00e8re allure et dureront longtemps. Le d\u00e9bardeur haut de gamme pour hommes est exceptionnellement doux et lisse et fait de mat\u00e9riaux durables. Portez-le comme haut d\u2019entra\u00eenement, pi\u00e8ce de superposition, ou seul, associ\u00e9 \u00e0 vos bas pr\u00e9f\u00e9r\u00e9s.<\/p>\n<p>\u2022 Coton fil\u00e9 \u00e0 anneau 100% peign\u00e9<br \/>\n\u2022 Athletic Heather est compos\u00e9 \u00e0 85% de coton, 15% de viscose<br \/>\n\u2022 Charcoal Heather est compos\u00e9 \u00e0 60% de polyester, 40% de coton<br \/>\n\u2022 Poids du tissu : 5,5 oz\/yd\u00b2 (186,48 g\/m\u00b2)<br \/>\n\u2022 Mat\u00e9riau moyen \/ lourd lav\u00e9 \u00e0 la douceur et serr\u00e9<br \/>\n\u2022 Ajustement d\u00e9contract\u00e9<br \/>\n\u2022 Surface extra douce<br \/>\n\u2022 Bras de chute sans manches<br \/>\n\u2022 Produit vierge provenant du Bangladesh<\/p>\n<p>Ce produit est fait sp\u00e9cialement pour vous d\u00e8s que vous passez une commande, c\u2019est pourquoi il nous faut un peu plus de temps pour vous le livrer. Faire des produits \u00e0 la demande plut\u00f4t qu\u2019en vrac aide \u00e0 r\u00e9duire la surproduction, alors merci de prendre des d\u00e9cisions d\u2019achat r\u00e9fl\u00e9chies!<\/p>\n","protected":false},"excerpt":{"rendered":"<p>C\u2019est toujours une bonne d\u00e9cision d\u2019investir dans des produits de base de qualit\u00e9 sup\u00e9rieure qui auront fi\u00e8re allure et dureront longtemps. Le d\u00e9bardeur haut de gamme pour hommes est exceptionnellement doux et lisse et fait de mat\u00e9riaux durables. Portez-le comme haut d\u2019entra\u00eenement, pi\u00e8ce de superposition, ou seul, associ\u00e9 \u00e0 vos bas pr\u00e9f\u00e9r\u00e9s. \u2022 Coton fil\u00e9 [&hellip;]<\/p>\n","protected":false},"featured_media":3465,"comment_status":"open","ping_status":"closed","template":"","meta":[],"product_brand":[],"product_cat":[84,85],"product_tag":[],"class_list":{"0":"post-3787","1":"product","2":"type-product","3":"status-publish","4":"has-post-thumbnail","6":"product_cat-hommes","7":"product_cat-t-shirts-fr","9":"first","10":"outofstock","11":"taxable","12":"shipping-taxable","13":"purchasable","14":"product-type-variable"},"_links":{"self":[{"href":"https:\/\/boyerbrush.ca\/fr\/wp-json\/wp\/v2\/product\/3787","targetHints":{"allow":["GET"]}}],"collection":[{"href":"https:\/\/boyerbrush.ca\/fr\/wp-json\/wp\/v2\/product"}],"about":[{"href":"https:\/\/boyerbrush.ca\/fr\/wp-json\/wp\/v2\/types\/product"}],"replies":[{"embeddable":true,"href":"https:\/\/boyerbrush.ca\/fr\/wp-json\/wp\/v2\/comments?post=3787"}],"wp:featuredmedia":[{"embeddable":true,"href":"https:\/\/boyerbrush.ca\/fr\/wp-json\/wp\/v2\/media\/3465"}],"wp:attachment":[{"href":"https:\/\/boyerbrush.ca\/fr\/wp-json\/wp\/v2\/media?parent=3787"}],"wp:term":[{"taxonomy":"product_brand","embeddable":true,"href":"https:\/\/boyerbrush.ca\/fr\/wp-json\/wp\/v2\/product_brand?post=3787"},{"taxonomy":"product_cat","embeddable":true,"href":"https:\/\/boyerbrush.ca\/fr\/wp-json\/wp\/v2\/product_cat?post=3787"},{"taxonomy":"product_tag","embeddable":true,"href":"https:\/\/boyerbrush.ca\/fr\/wp-json\/wp\/v2\/product_tag?post=3787"}],"curies":[{"name":"wp","href":"https:\/\/api.w.org\/{rel}","templated":true}]}}