{"id":3805,"date":"2023-05-20T17:40:34","date_gmt":"2023-05-20T21:40:34","guid":{"rendered":"https:\/\/boyerbrush.ca\/product\/boyer-brush-spicy-fathers-bundle\/"},"modified":"2025-08-25T06:47:43","modified_gmt":"2025-08-25T10:47:43","slug":"boyer-brosse-vincent-chatigny-deluxe-bundle","status":"publish","type":"product","link":"https:\/\/boyerbrush.ca\/fr\/boyer-brosse-vincent-chatigny-deluxe-bundle\/","title":{"rendered":"Boyer Brush\u00ae Ensemble Deluxe Vincent Chatigny"},"content":{"rendered":"<h2>Ensemble Deluxe Vincent Chatigny<\/h2>\n<p>Vivez un voyage gastronomique pas comme les autres avec le Vincent Chatigny Deluxe Bundle. Plongez dans le monde du go\u00fbt exquis, des saveurs audacieuses et des techniques de cuisson am\u00e9lior\u00e9es avec cette collection soigneusement s\u00e9lectionn\u00e9e.<\/p>\n<p><strong><a href=\"https:\/\/boyerbrush.ca\/pentecote-hot-sauce\/\">Sauce piquante de Pentec\u00f4te<\/a> :<\/strong> Rehaussez vos plats avec l\u2019allure ardente de la sauce piquante Pentec\u00f4te. Ce m\u00e9lange de piments Habanero fum\u00e9s, d\u2019ail, de gingembre et de vinaigre de vin blanc de qualit\u00e9 sup\u00e9rieure apporte <strong>une touche \u00e9nigmatique \u00e0 vos cr\u00e9ations culinaires<\/strong>.<\/p>\n<p><strong><a href=\"https:\/\/boyerbrush.ca\/bbq-chicken-dry-rub\/\">Marinade s\u00e8che au poulet BBQ<\/a> :<\/strong> Transformez vos plats avec la<strong> fusion du paprika fum\u00e9 et du sel de cari doux<\/strong>. Parfait pour le poulet, le porc, les l\u00e9gumes et plus encore, il ne collera pas au gril, ce qui facilitera les grillades.<\/p>\n<p><strong><a href=\"https:\/\/boyerbrush.ca\/coffee-dry-rub\/\">Rub sec au caf\u00e9<\/a> :<\/strong> Inspir\u00e9 du classique Texan Dry Rub, compos\u00e9 uniquement de sel et de poivre, et ajout\u00e9 quelques herbes, dont du caf\u00e9,<strong> pour lui donner une touche unique.<\/strong><\/p>\n<p><strong><a href=\"https:\/\/boyerbrush.ca\/transcendental-dry-rub\/\">Rub sec<\/a>:<\/strong> Le dernier joyau de ce tr\u00e9sor est notre m\u00e9lange d\u2019\u00e9pices \u00e0 cro\u00fbte caram\u00e9lis\u00e9e et rehaussant la saveur, un <strong>m\u00e9lange exquis d\u2019\u00e9pices de qualit\u00e9 sup\u00e9rieure et de cassonade<\/strong>.<\/p>\n<p><strong><a href=\"https:\/\/boyerbrush.ca\/boyer-brush-the-safest-grill-brush\/\">Brosse Boyer<\/a><a href=\"https:\/\/boyerbrush.ca\/boyer-brush-the-safest-grill-brush\/\">\u00ae<\/a> :<\/strong> Gardez votre gril impeccable avec la Brosse Boyer\u00ae de qualit\u00e9 sup\u00e9rieure. Fabriqu\u00e9 \u00e0 partir d\u2019une bobine de ressort en fil d\u2019acier inoxydable et d\u2019une fonte d\u2019aluminium de haute qualit\u00e9, il est durable, r\u00e9sistant \u00e0 la chaleur et \u00e0 la corrosion. La poign\u00e9e extra-longue avec une poign\u00e9e antid\u00e9rapante assure un nettoyage facile, m\u00eame dans les endroits difficiles d\u2019acc\u00e8s, ce qui en fait un outil essentiel dans votre arsenal de grillades.<\/p>\n<p>Vivez l\u2019aventure culinaire ultime avec cette collection de produits. Chaque article est con\u00e7u pour am\u00e9liorer votre exp\u00e9rience culinaire et transformer vos plats en d\u00e9lices gastronomiques. Que vous soyez un chef chevronn\u00e9 ou un cuisinier amateur passionn\u00e9, cet ensemble est la cl\u00e9 de l\u2019excellence culinaire, vous ouvrant les portes \u00e0 de nouvelles saveurs et techniques de cuisson. <strong>Am\u00e9liorez votre cuisine et enflammez votre passion pour la nourriture<\/strong> avec l\u2019ensemble de luxe Vincent Chatigny.<\/p>\n<p>&nbsp;<\/p>\n","protected":false},"excerpt":{"rendered":"<p>La brosse \u00e0 gril la plus s\u00fbre aime nettoyer les grilles enrob\u00e9es des meilleurs ingr\u00e9dients. C\u2019est pourquoi nous offrons ce forfait exclusif et TR\u00c8S limit\u00e9 avec nos assaisonnements pr\u00e9f\u00e9r\u00e9s de Biceps BBQ cr\u00e9\u00e9s par le MVP des barbecues au Qu\u00e9bec, Vincent Chatigny.<\/p>\n<p>L\u2019offre group\u00e9e comprend :<\/p>\n<p>1x <a href=\"https:\/\/boyerbrush.ca\/product\/boyer-brush-the-safest-grill-brush\/\">Brosse Boyer<\/a><a href=\"https:\/\/boyerbrush.ca\/product\/boyer-brush-the-safest-grill-brush\/\">\u00ae<\/a> &#8211; vous le savez d\u00e9j\u00e0\u00a0!<\/p>\n<p>1x <a href=\"https:\/\/boyerbrush.ca\/product\/trascendental-dry-rub\/\">Rub Sec trascendental<\/a> Le meilleur rub pour poulet que vous puissiez trouver, point final<\/p>\n<p>1x <a href=\"https:\/\/boyerbrush.ca\/coffee-dry-rub\/\">R<\/a><a href=\"https:\/\/boyerbrush.ca\/coffee-dry-rub\/\">ub sec au caf\u00e9<\/a>&#8211; Mari\u00e9 aux viandes ou au poulet, le caf\u00e9 r\u00e9v\u00e8le des ar\u00f4mes profonds et inattendus \u2014 une exp\u00e9rience \u00e0 un autre niveau<\/p>\n<p>1x <a href=\"https:\/\/boyerbrush.ca\/pentecote-hot-sauce\/\">Sauce piquante de Pentec\u00f4te<\/a>\u00a0&#8211; un chemin chaud vers le paradis.<\/p>\n<p>1x <a href=\"https:\/\/boyerbrush.ca\/bbq-chicken-dry-rub\/\">Marinade s\u00e8che au poulet BBQ<\/a> &#8211; le secret d\u2019un poulet fum\u00e9 inoubliable.<\/p>\n<p>&nbsp;<\/p>\n","protected":false},"featured_media":4805,"comment_status":"open","ping_status":"closed","template":"","meta":[],"product_brand":[],"product_cat":[75,102],"product_tag":[177,155,175,180,162,176],"class_list":{"0":"post-3805","1":"product","2":"type-product","3":"status-publish","4":"has-post-thumbnail","6":"product_cat-brosses","7":"product_cat-paquets","8":"product_tag-bbq-biceps-fr","9":"product_tag-boyer-brush-fr","10":"product_tag-frotte","11":"product_tag-paquets","12":"product_tag-sauces-fr","13":"product_tag-vincent-chatigny-fr","15":"first","16":"instock","17":"sale","18":"taxable","19":"shipping-taxable","20":"purchasable","21":"product-type-simple"},"_links":{"self":[{"href":"https:\/\/boyerbrush.ca\/fr\/wp-json\/wp\/v2\/product\/3805","targetHints":{"allow":["GET"]}}],"collection":[{"href":"https:\/\/boyerbrush.ca\/fr\/wp-json\/wp\/v2\/product"}],"about":[{"href":"https:\/\/boyerbrush.ca\/fr\/wp-json\/wp\/v2\/types\/product"}],"replies":[{"embeddable":true,"href":"https:\/\/boyerbrush.ca\/fr\/wp-json\/wp\/v2\/comments?post=3805"}],"wp:featuredmedia":[{"embeddable":true,"href":"https:\/\/boyerbrush.ca\/fr\/wp-json\/wp\/v2\/media\/4805"}],"wp:attachment":[{"href":"https:\/\/boyerbrush.ca\/fr\/wp-json\/wp\/v2\/media?parent=3805"}],"wp:term":[{"taxonomy":"product_brand","embeddable":true,"href":"https:\/\/boyerbrush.ca\/fr\/wp-json\/wp\/v2\/product_brand?post=3805"},{"taxonomy":"product_cat","embeddable":true,"href":"https:\/\/boyerbrush.ca\/fr\/wp-json\/wp\/v2\/product_cat?post=3805"},{"taxonomy":"product_tag","embeddable":true,"href":"https:\/\/boyerbrush.ca\/fr\/wp-json\/wp\/v2\/product_tag?post=3805"}],"curies":[{"name":"wp","href":"https:\/\/api.w.org\/{rel}","templated":true}]}}