{"id":3809,"date":"2023-05-20T19:52:40","date_gmt":"2023-05-20T23:52:40","guid":{"rendered":"https:\/\/boyerbrush.ca\/product\/frottement-sec-transcendantal\/"},"modified":"2023-10-24T11:36:48","modified_gmt":"2023-10-24T15:36:48","slug":"frottement-transcendantal-a-sec","status":"publish","type":"product","link":"https:\/\/boyerbrush.ca\/fr\/frottement-transcendantal-a-sec\/","title":{"rendered":"Frottement sec transcendantal"},"content":{"rendered":"<h2>Frottement sec transcendantal<\/h2>\n<p>Pr\u00e9parez-vous \u00e0 vous lancer dans un voyage culinaire pas comme les autres avec notre m\u00e9lange d\u2019\u00e9pices m\u00e9ticuleusement \u00e9labor\u00e9, une symphonie d\u2019ingr\u00e9dients de premi\u00e8re qualit\u00e9, soigneusement combin\u00e9s \u00e0 de la cassonade sp\u00e9cialement s\u00e9lectionn\u00e9e pour \u00e9lever votre cuisine \u00e0 des hauteurs in\u00e9gal\u00e9es. Ce m\u00e9lange exceptionnel est <strong>savamment dos\u00e9 pour cr\u00e9er une cro\u00fbte intens\u00e9ment caram\u00e9lis\u00e9e qui ne manquera pas de laisser une marque ind\u00e9l\u00e9bile sur votre palais<\/strong>.<\/p>\n<p>Imaginez ceci : un succulent porc effiloch\u00e9 ou un poulet parfaitement r\u00f4ti, tous deux rehauss\u00e9s de la magie de ce frottement. Le r\u00e9sultat est un profil de saveur qui n\u2019est rien de moins qu\u2019extraordinaire, offrant une exp\u00e9rience gustative qui surpasse tous les autres frottements de sa ligue.<\/p>\n<p>Mais c\u2019est plus qu\u2019un simple m\u00e9lange d\u2019assaisonnements ; C\u2019est une invitation \u00e0 explorer les profondeurs de la saveur et \u00e0 se lancer dans un voyage de d\u00e9couverte culinaire de soi. En savourant le go\u00fbt exquis, vous pourriez vous retrouver \u00e0 court de mots, en faisant l\u2019exp\u00e9rience de ce moment transcendantal o\u00f9 la saveur parle directement \u00e0 votre \u00e2me. C\u2019est comme si vous aviez une conversation silencieuse avec vous-m\u00eame par le biais de la nourriture.<\/p>\n<p>Lors de la fabrication du Transcendantal Dry Rub, <strong>nous n\u2019avons utilis\u00e9 que les meilleurs ingr\u00e9dients<\/strong>, notamment de la cassonade, du sel, une s\u00e9lection astucieuse d\u2019\u00e9pices, de la poudre d\u2019ail et un soup\u00e7on d\u2019huile de canola et\/ou de tournesol. C\u2019est un t\u00e9moignage de notre engagement envers la qualit\u00e9 et l\u2019excellence des saveurs.<\/p>\n<p>En ce qui concerne les consid\u00e9rations di\u00e9t\u00e9tiques, veuillez noter que ce pot d\u2019enchantement culinaire peut contenir des traces de noisettes, de pistaches, de s\u00e9same et de sulfites, ce qui le rend essentiel pour les personnes allergiques de faire preuve de prudence. N\u00e9anmoins, pour ceux qui n\u2019ont pas de telles pr\u00e9occupations, ce m\u00e9lange exquis promet d\u2019\u00eatre l\u2019ingr\u00e9dient secret qui rehaussera \u00e0 jamais vos plats, faisant de chaque repas une exp\u00e9rience m\u00e9morable et immersive.<\/p>\n","protected":false},"excerpt":{"rendered":"<p>Dosez habilement des \u00e9pices de qualit\u00e9 sup\u00e9rieure dans un m\u00e9lange de cassonade sp\u00e9cialement con\u00e7u pour cr\u00e9er une cro\u00fbte caram\u00e9lis\u00e9e intense et aromatiser votre porc effiloch\u00e9 ( <em>porc effiloch\u00e9<\/em> ) ou votre poulet r\u00f4ti mieux que tout autre frottement.<\/p>\n<p>En utilisant ce dernier, vous aurez l\u2019impression de traverser, \u00e0 la fois sans mots et sans vous parler \u00e0 vous-m\u00eame.<\/p>\n<p>Pot de 280 gr avec bec.<\/p>\n<p>Ingr\u00e9dients : Cassonade, sel, \u00e9pices, poudre d\u2019ail, huile de canola et\/ou de tournesol<\/p>\n<p>Peut contenir: Noisette, pistache, s\u00e9same, sulfites.<\/p>\n<p>UTILISER:<\/p>\n<p>Effiloch\u00e9 de porc ( <em>effiloch\u00e9<\/em> de porc) : Utilisez une casserole enti\u00e8re pour une \u00e9paule de porc enti\u00e8re sans peau. Appliquez le frottement sur la viande, laissez reposer pendant 24 heures au r\u00e9frig\u00e9rateur, faites cuire \u00e0 250 f. jusqu\u2019\u00e0 ce que la viande s\u2019\u00e9loigne de l\u2019os.<\/p>\n<p>Filet, longe et coupes tendres: Saisir la viande sur le barbecue sans la cuire au c\u0153ur, refroidir. Appliquez le frottement sur la viande et terminez la cuisson \u00e0 feu indirect.<\/p>\n","protected":false},"featured_media":3471,"comment_status":"open","ping_status":"closed","template":"","meta":[],"product_brand":[],"product_cat":[88,96,97],"product_tag":[177,175,176],"class_list":{"0":"post-3809","1":"product","2":"type-product","3":"status-publish","4":"has-post-thumbnail","6":"product_cat-assaisonnements","7":"product_cat-frotte","8":"product_cat-porc","9":"product_tag-bbq-biceps-fr","10":"product_tag-frotte","11":"product_tag-vincent-chatigny-fr","13":"first","14":"instock","15":"taxable","16":"shipping-taxable","17":"purchasable","18":"product-type-simple"},"_links":{"self":[{"href":"https:\/\/boyerbrush.ca\/fr\/wp-json\/wp\/v2\/product\/3809","targetHints":{"allow":["GET"]}}],"collection":[{"href":"https:\/\/boyerbrush.ca\/fr\/wp-json\/wp\/v2\/product"}],"about":[{"href":"https:\/\/boyerbrush.ca\/fr\/wp-json\/wp\/v2\/types\/product"}],"replies":[{"embeddable":true,"href":"https:\/\/boyerbrush.ca\/fr\/wp-json\/wp\/v2\/comments?post=3809"}],"wp:featuredmedia":[{"embeddable":true,"href":"https:\/\/boyerbrush.ca\/fr\/wp-json\/wp\/v2\/media\/3471"}],"wp:attachment":[{"href":"https:\/\/boyerbrush.ca\/fr\/wp-json\/wp\/v2\/media?parent=3809"}],"wp:term":[{"taxonomy":"product_brand","embeddable":true,"href":"https:\/\/boyerbrush.ca\/fr\/wp-json\/wp\/v2\/product_brand?post=3809"},{"taxonomy":"product_cat","embeddable":true,"href":"https:\/\/boyerbrush.ca\/fr\/wp-json\/wp\/v2\/product_cat?post=3809"},{"taxonomy":"product_tag","embeddable":true,"href":"https:\/\/boyerbrush.ca\/fr\/wp-json\/wp\/v2\/product_tag?post=3809"}],"curies":[{"name":"wp","href":"https:\/\/api.w.org\/{rel}","templated":true}]}}