{"id":4803,"date":"2023-06-07T11:18:10","date_gmt":"2023-06-07T15:18:10","guid":{"rendered":"https:\/\/boyerbrush.ca\/bbq-poulet-dry-rub\/"},"modified":"2023-10-24T11:27:46","modified_gmt":"2023-10-24T15:27:46","slug":"bbq-poulet-dry-frotter","status":"publish","type":"product","link":"https:\/\/boyerbrush.ca\/fr\/bbq-poulet-dry-frotter\/","title":{"rendered":"BBQ Poulet Dry Rub"},"content":{"rendered":"<h2>BBQ Poulet Dry Rub<\/h2>\n<p>Plongez vos cr\u00e9ations culinaires dans le monde all\u00e9chant des saveurs avec le m\u00e9lange de sel unique et m\u00e9ticuleusement \u00e9labor\u00e9 de Vincent Chatigny. Cette concoction exceptionnelle m\u00e9lange la fum\u00e9e terreuse du paprika avec un soup\u00e7on de curry doux, ce qui donne une fusion harmonieuse qui \u00e9l\u00e8ve vos plats vers de nouveaux sommets.<\/p>\n<p>Contrairement aux m\u00e9langes d\u2019assaisonnements traditionnels con\u00e7us pour cr\u00e9er une cro\u00fbte \u00e9paisse, <strong>la cr\u00e9ation de Chatigny a un but tout \u00e0 fait diff\u00e9rent<\/strong>. Il est astucieusement formul\u00e9 non pas pour dominer mais pour rehausser d\u00e9licatement le go\u00fbt nuanc\u00e9 de votre poulet fum\u00e9, le transformant en un chef-d\u2019\u0153uvre gastronomique.<\/p>\n<p>La polyvalence de ce m\u00e9lange ne conna\u00eet pas de limites ; Cela ne se limite pas \u00e0 la volaille. Bien qu\u2019il fasse incontestablement des merveilles sur le poulet fum\u00e9, il est tout aussi impressionnant lorsqu\u2019il est saupoudr\u00e9 sur du porc grill\u00e9, faisant ressortir les saveurs naturelles et ajoutant une touche subtile et fum\u00e9e. De plus, c\u2019est un choix id\u00e9al pour habiller une vari\u00e9t\u00e9 de cr\u00e9ations culinaires, y compris des l\u00e9gumes, des salades, des \u0153ufs et m\u00eame des chips maison.<\/p>\n<p>L\u2019une des qualit\u00e9s remarquables de ce m\u00e9lange \u00e0 frotter sec pour poulet barbecue est sa <strong>nature non sucr\u00e9e<\/strong>, ce qui signifie qu\u2019il ne laissera pas de r\u00e9sidu ind\u00e9sirable sur votre gril. Vous pouvez l\u2019utiliser en toute confiance lors de vos aventures de grillades, sachant qu\u2019il ne collera pas et ne cr\u00e9era pas de d\u00e9g\u00e2ts. Ainsi, que vous soyez un ma\u00eetre du grill chevronn\u00e9 ou un novice dans le monde des d\u00e9lices culinaires, le m\u00e9lange de sel de Vincent Chatigny est votre compagnon de confiance pour lib\u00e9rer tout le potentiel de vos plats,<strong> en faisant ressortir les saveurs exquises sans tracas<\/strong>. Rehaussez votre jeu de cuisine et infusez-le d\u2019un \u00e9ventail de go\u00fbts d\u00e9licieux, le tout gr\u00e2ce \u00e0 ce m\u00e9lange d\u2019assaisonnements soigneusement con\u00e7u.<\/p>\n","protected":false},"excerpt":{"rendered":"<p>Sel aromatis\u00e9 au paprika fum\u00e9 avec une touche de curry doux. Le m\u00e9lange n\u2019est pas con\u00e7u pour faire une cro\u00fbte, mais pour rehausser le go\u00fbt d\u00e9licat de votre poulet fum\u00e9.<\/p>\n<p>Utilisez-le pour la volaille, mais tout aussi bien sur le porc grill\u00e9, les l\u00e9gumes, les salades, les \u0153ufs, les chips maison.<\/p>\n<p>Non sucr\u00e9, il ne colle pas sur le gril. Vous pouvez donc l\u2019utiliser sans crainte pour vos grillades.<\/p>\n<p>Pot de 180gr avec bec verseur.<\/p>\n<p>UTILISATION: Sur votre poulet BBQ, ailes, hamburgers, salades, brochettes de porc, agneau, etc.<\/p>\n","protected":false},"featured_media":3472,"comment_status":"open","ping_status":"closed","template":"","meta":[],"product_brand":[],"product_cat":[105,88,98,96,97,104],"product_tag":[177,175,176],"class_list":{"0":"post-4803","1":"product","2":"type-product","3":"status-publish","4":"has-post-thumbnail","6":"product_cat-agneau","7":"product_cat-assaisonnements","8":"product_cat-boeuf","9":"product_cat-frotte","10":"product_cat-porc","11":"product_cat-poulet","12":"product_tag-bbq-biceps-fr","13":"product_tag-frotte","14":"product_tag-vincent-chatigny-fr","16":"first","17":"instock","18":"taxable","19":"shipping-taxable","20":"purchasable","21":"product-type-simple"},"_links":{"self":[{"href":"https:\/\/boyerbrush.ca\/fr\/wp-json\/wp\/v2\/product\/4803","targetHints":{"allow":["GET"]}}],"collection":[{"href":"https:\/\/boyerbrush.ca\/fr\/wp-json\/wp\/v2\/product"}],"about":[{"href":"https:\/\/boyerbrush.ca\/fr\/wp-json\/wp\/v2\/types\/product"}],"replies":[{"embeddable":true,"href":"https:\/\/boyerbrush.ca\/fr\/wp-json\/wp\/v2\/comments?post=4803"}],"wp:featuredmedia":[{"embeddable":true,"href":"https:\/\/boyerbrush.ca\/fr\/wp-json\/wp\/v2\/media\/3472"}],"wp:attachment":[{"href":"https:\/\/boyerbrush.ca\/fr\/wp-json\/wp\/v2\/media?parent=4803"}],"wp:term":[{"taxonomy":"product_brand","embeddable":true,"href":"https:\/\/boyerbrush.ca\/fr\/wp-json\/wp\/v2\/product_brand?post=4803"},{"taxonomy":"product_cat","embeddable":true,"href":"https:\/\/boyerbrush.ca\/fr\/wp-json\/wp\/v2\/product_cat?post=4803"},{"taxonomy":"product_tag","embeddable":true,"href":"https:\/\/boyerbrush.ca\/fr\/wp-json\/wp\/v2\/product_tag?post=4803"}],"curies":[{"name":"wp","href":"https:\/\/api.w.org\/{rel}","templated":true}]}}