{"id":5780,"date":"2023-10-21T14:34:59","date_gmt":"2023-10-21T18:34:59","guid":{"rendered":"https:\/\/boyerbrush.ca\/tablier-de-barbecue-boyer\/"},"modified":"2025-04-16T06:27:55","modified_gmt":"2025-04-16T10:27:55","slug":"boyer-bbq-tablier","status":"publish","type":"product","link":"https:\/\/boyerbrush.ca\/fr\/boyer-bbq-tablier\/","title":{"rendered":"Tablier de barbecue Boyer\u00ae"},"content":{"rendered":"<p>Voici le tablier de barbecue Boyer\u00ae : votre fid\u00e8le compagnon pour les aventures de grillades, con\u00e7u dans un souci de r\u00e9silience et de style. Ce tablier haut de gamme est con\u00e7u pour ceux qui exigent ce qu\u2019il y a de mieux en mati\u00e8re de barbecue, avec un m\u00e9lange unique de mat\u00e9riaux durables et de fonctionnalit\u00e9s bien pens\u00e9es.<\/p>\n<p><strong>Robustesse et durabilit\u00e9 :<\/strong> Notre tablier est con\u00e7u pour r\u00e9sister aux conditions de grillade les plus difficiles. Fabriqu\u00e9 \u00e0 partir de mat\u00e9riaux r\u00e9sistants de haute qualit\u00e9, il est con\u00e7u pour r\u00e9sister \u00e0 la chaleur, \u00e0 la graisse et \u00e0 l\u2019usure de l\u2019exp\u00e9rience de grillade. Vous pouvez compter sur ce tablier pour prot\u00e9ger vos v\u00eatements et vous garder en forme pour d\u2019innombrables barbecues \u00e0 venir.<\/p>\n<p><strong>Lacets crois\u00e9s dans le dos pour un maintien ultime :<\/strong> Plus besoin de se fatiguer le cou ou d\u2019ajuster constamment votre tablier. Les lacets crois\u00e9s dans le dos offrent un ajustement ergonomique et confortable, r\u00e9partissant le poids uniform\u00e9ment sur vos \u00e9paules. Que vous retourniez des hamburgers, arrosiez des c\u00f4tes lev\u00e9es ou v\u00e9rifiiez la temp\u00e9rature d\u2019un steak juteux, vous aurez la libert\u00e9 de bouger facilement.<\/p>\n<p><strong>Stockage efficace :<\/strong> Avec cinq poches spacieuses \u00e0 votre disposition, vous aurez tout l\u2019espace dont vous avez besoin pour garder vos outils de cuisson et vos essentiels \u00e0 port\u00e9e de main. Dites adieu aux t\u00e2tonnements pour trouver vos pinces ou votre thermom\u00e8tre &#8211; notre tablier de barbecue garde tout bien organis\u00e9, afin que vous puissiez vous concentrer sur le gril.<\/p>\n<p><strong>Anneau m\u00e9tallique pour la brosse\u00ae Boyer :<\/strong> Ne perdez plus jamais la trace de votre <a href=\"https:\/\/boyerbrush.ca\/boyer-brush-the-safest-grill-brush\/\">brosse\u2122\ufe0f Boyer<\/a>. L\u2019anneau m\u00e9tallique int\u00e9gr\u00e9 vous permet de fixer facilement votre brosse, ce qui vous permet de la garder toujours \u00e0 port\u00e9e de main lorsque vous en avez besoin. Plus besoin de fouiller dans toute la cour arri\u00e8re pour trouver votre outil de nettoyage essentiel.<\/p>\n<p><strong>\u00c9l\u00e9gant et polyvalent :<\/strong> Au-del\u00e0 de sa fonctionnalit\u00e9 impressionnante, ce tablier est con\u00e7u pour vous donner l\u2019air et vous sentir comme le ma\u00eetre du gril que vous \u00eates. Le design \u00e9l\u00e9gant et moderne est parfait pour toutes les occasions de grillades, que vous organisiez un barbecue dans la cour avec des amis ou que vous participiez \u00e0 une comp\u00e9tition de barbecue de niveau professionnel.<\/p>\n<p><strong>Taille unique :<\/strong> Notre tablier de barbecue est soigneusement con\u00e7u pour \u00eatre de taille unique, ce qui en fait un cadeau fantastique pour les amateurs de grillades de toutes tailles.<\/p>\n<p>Am\u00e9liorez votre jeu de grillades avec le tablier de ma\u00eetre du gril ultime &#8211; un m\u00e9lange parfait de durabilit\u00e9 robuste, de soutien in\u00e9gal\u00e9 et de commodit\u00e9 intelligente. Pr\u00e9parez-vous \u00e0 lib\u00e9rer le ma\u00eetre du gril qui sommeille en vous et \u00e0 faire de chaque barbecue un succ\u00e8s m\u00e9morable. Commandez le v\u00f4tre d\u00e8s aujourd\u2019hui !<\/p>\n<p>70% coton 30% polyester<\/p>\n","protected":false},"excerpt":{"rendered":"<p>Le tablier Boyer\u00ae est fabriqu\u00e9 avec des mat\u00e9riaux r\u00e9sistants, avec des lacets crois\u00e9s \u00e0 l\u2019arri\u00e8re pour le soutien, cinq poches pratiques et un anneau m\u00e9tallique pour votre brosse \u00e0 gril. Con\u00e7u pour supporter la chaleur et vous permettre de rester organis\u00e9, ce tablier vous permet d\u2019avoir l\u2019air \u00e9l\u00e9gant et de rester efficace pendant chaque aventure de barbecue.<\/p>\n<p>70% coton 30% polyester<\/p>\n<p>*Brosse\u00ae Boyer <strong>NON incluse<\/strong><\/p>\n","protected":false},"featured_media":5758,"comment_status":"open","ping_status":"closed","template":"","meta":[],"product_brand":[],"product_cat":[92,149,150],"product_tag":[151],"class_list":{"0":"post-5780","1":"product","2":"type-product","3":"status-publish","4":"has-post-thumbnail","6":"product_cat-domicile","7":"product_cat-grillade","8":"product_cat-tabliers-fr","9":"product_tag-tablier","11":"first","12":"instock","13":"taxable","14":"shipping-taxable","15":"purchasable","16":"product-type-simple"},"_links":{"self":[{"href":"https:\/\/boyerbrush.ca\/fr\/wp-json\/wp\/v2\/product\/5780","targetHints":{"allow":["GET"]}}],"collection":[{"href":"https:\/\/boyerbrush.ca\/fr\/wp-json\/wp\/v2\/product"}],"about":[{"href":"https:\/\/boyerbrush.ca\/fr\/wp-json\/wp\/v2\/types\/product"}],"replies":[{"embeddable":true,"href":"https:\/\/boyerbrush.ca\/fr\/wp-json\/wp\/v2\/comments?post=5780"}],"wp:featuredmedia":[{"embeddable":true,"href":"https:\/\/boyerbrush.ca\/fr\/wp-json\/wp\/v2\/media\/5758"}],"wp:attachment":[{"href":"https:\/\/boyerbrush.ca\/fr\/wp-json\/wp\/v2\/media?parent=5780"}],"wp:term":[{"taxonomy":"product_brand","embeddable":true,"href":"https:\/\/boyerbrush.ca\/fr\/wp-json\/wp\/v2\/product_brand?post=5780"},{"taxonomy":"product_cat","embeddable":true,"href":"https:\/\/boyerbrush.ca\/fr\/wp-json\/wp\/v2\/product_cat?post=5780"},{"taxonomy":"product_tag","embeddable":true,"href":"https:\/\/boyerbrush.ca\/fr\/wp-json\/wp\/v2\/product_tag?post=5780"}],"curies":[{"name":"wp","href":"https:\/\/api.w.org\/{rel}","templated":true}]}}