{"id":5789,"date":"2023-10-23T10:48:13","date_gmt":"2023-10-23T14:48:13","guid":{"rendered":"https:\/\/boyerbrush.ca\/ensemble-de-style-impeccable-boyer\/"},"modified":"2025-08-25T06:32:07","modified_gmt":"2025-08-25T10:32:07","slug":"boyer-spotless-style-bundle","status":"publish","type":"product","link":"https:\/\/boyerbrush.ca\/fr\/boyer-spotless-style-bundle\/","title":{"rendered":"Boyer\u00ae Spotless Style Bundle"},"content":{"rendered":"<h2>Boyer\u00ae Ensemble Style Impeccable<\/h2>\n<p>Am\u00e9liorez votre exp\u00e9rience de grillade avec ce duo dynamique, sp\u00e9cialement con\u00e7u pour ceux qui privil\u00e9gient \u00e0 la fois une propret\u00e9 et un style impeccables dans leurs aventures culinaires en plein air.<\/p>\n<p><a href=\"https:\/\/boyerbrush.ca\/boyer-brush-the-safest-grill-brush\/\">La brosse\u00ae Boyer<\/a>, pierre angulaire de cet ensemble, est dot\u00e9e d\u2019une conception robuste avec une bobine de ressort en acier inoxydable durable ins\u00e9r\u00e9e dans le cadre. Ce qui le distingue, c\u2019est sa construction sans poils m\u00e9talliques, assurant une exp\u00e9rience de grillade sans souci pour vous et votre famille. Fabriqu\u00e9 \u00e0 partir de fonte d\u2019aluminium robuste, il est con\u00e7u pour r\u00e9sister aux flammes les plus chaudes et aux utilisations les plus intensives, tout en conservant sa r\u00e9sistance \u00e0 la corrosion. Dot\u00e9 d\u2019une poign\u00e9e extra-longue de 16 po (42 cm) et d\u2019une poign\u00e9e caoutchout\u00e9e antid\u00e9rapante de haute qualit\u00e9, il offre un contr\u00f4le et un confort exceptionnels, rehaussant votre finesse de cuisson. Laissez votre gril impeccable et immacul\u00e9 apr\u00e8s chaque cuisson, avec la s\u00e9curit\u00e9 de vos proches et la durabilit\u00e9 de votre outil de cuisson comme priorit\u00e9 absolue.<\/p>\n<p>En compl\u00e9ment de l\u2019aspect propret\u00e9 impeccable, le <a href=\"https:\/\/boyerbrush.ca\/boyer-bbq-apron\/\">tablier de barbecue Boyer\u00ae<\/a> est disponible. Con\u00e7u pour garder vos v\u00eatements impeccables, exempts de graisse et de salet\u00e9, il assure \u00e0 la fois votre confort et votre s\u00e9curit\u00e9 lors de vos aventures de grillades. Au-del\u00e0 de la fonctionnalit\u00e9, il ajoute une touche de style \u00e0 votre tenue de grillade, vous donnant l\u2019air et la sensation d\u2019un v\u00e9ritable passionn\u00e9 de cuisine en plein air.<\/p>\n<p>Avec le \u00ab Spotless Style Bundle \u00bb, vous aurez les outils et le flair n\u00e9cessaires pour relever tous les d\u00e9fis de grillades qui se pr\u00e9senteront \u00e0 vous. Privil\u00e9giez une propret\u00e9 irr\u00e9prochable sans compromettre votre passion pour la cuisine en plein air. Embrassez le gr\u00e9sillement, adoptez le style et prenez votre place en tant que ma\u00eetre du gril soucieux de la s\u00e9curit\u00e9.<\/p>\n<p>&nbsp;<\/p>\n","protected":false},"excerpt":{"rendered":"<p>Voici le \u00ab Spotless Style Bundle \u00bb comprenant la brosse\u00ae Boyer et le tablier de barbecue Boyer\u00ae. Optez pour la s\u00e9curit\u00e9 et la sophistication dans vos aventures culinaires en plein air. La brosse Boyer laisse votre gril impeccable tout en assurant la s\u00e9curit\u00e9 de votre famille. Le tablier de barbecue Boyer\u00ae garantit que votre tenue reste propre et ajoute une touche de style. Id\u00e9al pour ceux qui appr\u00e9cient la propret\u00e9 et l\u2019\u00e9l\u00e9gance dans leurs efforts de grillades. Embrassez le gr\u00e9sillement, adoptez le style et devenez le ma\u00eetre ultime du gril soucieux de la s\u00e9curit\u00e9.<\/p>\n<p>&nbsp;<\/p>\n","protected":false},"featured_media":5788,"comment_status":"open","ping_status":"closed","template":"","meta":[],"product_brand":[],"product_cat":[75,92,149,102,150],"product_tag":[155,157,151,156],"class_list":{"0":"post-5789","1":"product","2":"type-product","3":"status-publish","4":"has-post-thumbnail","6":"product_cat-brosses","7":"product_cat-domicile","8":"product_cat-grillade","9":"product_cat-paquets","10":"product_cat-tabliers-fr","11":"product_tag-boyer-brush-fr","12":"product_tag-paquet","13":"product_tag-tablier","14":"product_tag-tablier-boyer","15":"product_shipping_class-brosses","17":"first","18":"instock","19":"sale","20":"taxable","21":"shipping-taxable","22":"purchasable","23":"product-type-simple"},"_links":{"self":[{"href":"https:\/\/boyerbrush.ca\/fr\/wp-json\/wp\/v2\/product\/5789","targetHints":{"allow":["GET"]}}],"collection":[{"href":"https:\/\/boyerbrush.ca\/fr\/wp-json\/wp\/v2\/product"}],"about":[{"href":"https:\/\/boyerbrush.ca\/fr\/wp-json\/wp\/v2\/types\/product"}],"replies":[{"embeddable":true,"href":"https:\/\/boyerbrush.ca\/fr\/wp-json\/wp\/v2\/comments?post=5789"}],"wp:featuredmedia":[{"embeddable":true,"href":"https:\/\/boyerbrush.ca\/fr\/wp-json\/wp\/v2\/media\/5788"}],"wp:attachment":[{"href":"https:\/\/boyerbrush.ca\/fr\/wp-json\/wp\/v2\/media?parent=5789"}],"wp:term":[{"taxonomy":"product_brand","embeddable":true,"href":"https:\/\/boyerbrush.ca\/fr\/wp-json\/wp\/v2\/product_brand?post=5789"},{"taxonomy":"product_cat","embeddable":true,"href":"https:\/\/boyerbrush.ca\/fr\/wp-json\/wp\/v2\/product_cat?post=5789"},{"taxonomy":"product_tag","embeddable":true,"href":"https:\/\/boyerbrush.ca\/fr\/wp-json\/wp\/v2\/product_tag?post=5789"}],"curies":[{"name":"wp","href":"https:\/\/api.w.org\/{rel}","templated":true}]}}