{"id":6750,"date":"2024-05-23T09:35:26","date_gmt":"2024-05-23T13:35:26","guid":{"rendered":"https:\/\/boyerbrush.ca\/boyer-mini-la-brosse-a-gril-compacte-la-plus-sure\/"},"modified":"2025-09-14T10:24:30","modified_gmt":"2025-09-14T14:24:30","slug":"boyer-mini-la-brosse-a-gril-compacte-la-plus-sure","status":"publish","type":"product","link":"https:\/\/boyerbrush.ca\/fr\/boyer-mini-la-brosse-a-gril-compacte-la-plus-sure\/","title":{"rendered":"Boyer Mini\u00ae &#8211; La brosse \u00e0 gril compacte la plus s\u00fbre"},"content":{"rendered":"<h2><strong>Boyer Mini\u00ae &#8211; La brosse \u00e0 gril compacte la plus s\u00fbre<\/strong><\/h2>\n<p>Voici la Boyer Mini\u00ae &#8211; La brosse \u00e0 gril compacte la plus s\u00fbre, votre solution de pr\u00e9dilection pour un nettoyage s\u00fbr et efficace des grils dans un emballage plus petit et plus abordable. Le Boyer Mini\u00ae conserve la caract\u00e9ristique cl\u00e9 d\u2019\u00eatre sans poils, \u00e9liminant ainsi le risque que des fragments de poils dangereux se retrouvent dans vos aliments et garantissant que vos exp\u00e9riences de cuisine en plein air sont sans souci.<\/p>\n<p><strong>Des mat\u00e9riaux haut de gamme, la qualit\u00e9 Boyer\u00ae<\/strong><\/p>\n<p>Le noyau de notre brosse Boyer Mini\u00ae est dot\u00e9 de la m\u00eame bobine de ressort en fil d\u2019acier inoxydable de haute qualit\u00e9 que notre brosse\u00ae Boyer originale, ing\u00e9nieusement ins\u00e9r\u00e9e dans le cadre. Ce design innovant am\u00e9liore non seulement la durabilit\u00e9 globale de la brosse mais renforce \u00e9galement sa robustesse, assurant qu&#8217;elle peut relever m\u00eame les d\u00e9fis de nettoyage les plus difficiles avec facilit\u00e9.<\/p>\n<p><strong>Taille Compacte et Performance de Nettoyage Ultime<\/strong><\/p>\n<p>Fabriqu\u00e9s en acier lamin\u00e9 robuste, la poign\u00e9e et le cadre de la Boyer Mini\u00ae promettent long\u00e9vit\u00e9 et durabilit\u00e9. Cette construction r\u00e9siste \u00e0 la chaleur \u00e9lev\u00e9e et \u00e0 une utilisation intensive, garantissant que la brosse reste un outil fiable au fil du temps. Dites adieu aux brosses de barbecue fragiles et \u00e9ph\u00e9m\u00e8res, et adoptez un outil con\u00e7u pour durer.<\/p>\n<p><strong>Design \u00c9l\u00e9gant et Pratique<\/strong><\/p>\n<p>Le Boyer Mini\u00ae est con\u00e7u dans un souci de fonctionnalit\u00e9 et de style. Dot\u00e9 d\u2019un logo \u00e9l\u00e9gant, il ajoute une touche d\u2019\u00e9l\u00e9gance \u00e0 votre routine de nettoyage de gril. Il comprend \u00e9galement un anneau pratique \u00e0 l\u2019extr\u00e9mit\u00e9 de la poign\u00e9e, vous permettant d\u2019accrocher votre pinceau pour un rangement facile et pratique. Cette brosse est autant un accessoire \u00e9l\u00e9gant qu\u2019un outil de nettoyage pratique.<\/p>\n<p><strong>\u00c9quilibre Parfait de Taille et de Poids<\/strong><\/p>\n<p>Le Boyer Mini\u00ae offre une combinaison id\u00e9ale de taille compacte et de conception l\u00e9g\u00e8re. Pesant seulement 400 grammes (0,88 lb), elle est facile \u00e0 manipuler pour des sessions de nettoyage prolong\u00e9es sans sacrifier l&#8217;efficacit\u00e9. Mesurant 38 cm x 7,6 cm x 6,4 cm (15\u201d x 3\u201d x 2,5\u201d), elle est con\u00e7ue pour une portabilit\u00e9 et une fonctionnalit\u00e9 optimales.<\/p>\n<p>Am\u00e9liorez votre routine de nettoyage de gril avec le Boyer Mini\u00ae. Gardez votre barbecue impeccable sans vous soucier des fragments de poils m\u00e9talliques. Profitez d&#8217;une solution de nettoyage de barbecue plus s\u00fbre et plus efficace et rendez vos barbecues sans stress.<\/p>\n<p><strong>Con\u00e7u au Qu\u00e9bec &#8211; Canada<\/strong><\/p>\n<p><strong>Brevet en instance<\/strong><\/p>\n<p>&nbsp;<\/p>\n","protected":false},"excerpt":{"rendered":"<p>Brosse \u00e0 ressort en fil d\u2019acier inoxydable, ins\u00e9r\u00e9e dans le cadre. Cadre en acier lamin\u00e9 durable et longueur totale de 15&#8243; (38 cm) pour une excellente prise en main et un nettoyage rapide.<\/p>\n<p>Le Boyer Mini\u00ae transforme votre routine de nettoyage de gril, ce qui la rend plus rapide, plus facile et plus efficace. Essayez notre brosse compacte aujourd&#8217;hui et constatez l&#8217;am\u00e9lioration par vous-m\u00eame !<\/p>\n<p>Con\u00e7u au Qu\u00e9bec <img decoding=\"async\" class=\"alignnone wp-image-1240 size-full\" src=\"https:\/\/boyerbrush.ca\/wp-content\/uploads\/2023\/02\/Quebec-Flag-Emoji-e1679430855181.png\" alt=\"\" width=\"20\" height=\"13\" \/> &#8211; Canada<\/p>\n<p>&nbsp;<\/p>\n","protected":false},"featured_media":6731,"comment_status":"open","ping_status":"closed","template":"","meta":[],"product_brand":[],"product_cat":[106],"product_tag":[],"class_list":{"0":"post-6750","1":"product","2":"type-product","3":"status-publish","4":"has-post-thumbnail","6":"product_cat-uncategorized-fr","8":"first","9":"instock","10":"taxable","11":"shipping-taxable","12":"product-type-external"},"_links":{"self":[{"href":"https:\/\/boyerbrush.ca\/fr\/wp-json\/wp\/v2\/product\/6750","targetHints":{"allow":["GET"]}}],"collection":[{"href":"https:\/\/boyerbrush.ca\/fr\/wp-json\/wp\/v2\/product"}],"about":[{"href":"https:\/\/boyerbrush.ca\/fr\/wp-json\/wp\/v2\/types\/product"}],"replies":[{"embeddable":true,"href":"https:\/\/boyerbrush.ca\/fr\/wp-json\/wp\/v2\/comments?post=6750"}],"wp:featuredmedia":[{"embeddable":true,"href":"https:\/\/boyerbrush.ca\/fr\/wp-json\/wp\/v2\/media\/6731"}],"wp:attachment":[{"href":"https:\/\/boyerbrush.ca\/fr\/wp-json\/wp\/v2\/media?parent=6750"}],"wp:term":[{"taxonomy":"product_brand","embeddable":true,"href":"https:\/\/boyerbrush.ca\/fr\/wp-json\/wp\/v2\/product_brand?post=6750"},{"taxonomy":"product_cat","embeddable":true,"href":"https:\/\/boyerbrush.ca\/fr\/wp-json\/wp\/v2\/product_cat?post=6750"},{"taxonomy":"product_tag","embeddable":true,"href":"https:\/\/boyerbrush.ca\/fr\/wp-json\/wp\/v2\/product_tag?post=6750"}],"curies":[{"name":"wp","href":"https:\/\/api.w.org\/{rel}","templated":true}]}}