{"id":6766,"date":"2024-05-23T10:21:46","date_gmt":"2024-05-23T14:21:46","guid":{"rendered":"https:\/\/boyerbrush.ca\/boyer-safest-grill-brush-duo-bundle\/"},"modified":"2026-04-18T15:19:32","modified_gmt":"2026-04-18T19:19:32","slug":"boyer-safest-grill-brush-duo-bundle","status":"publish","type":"product","link":"https:\/\/boyerbrush.ca\/fr\/boyer-safest-grill-brush-duo-bundle\/","title":{"rendered":"Ensemble Duo Boyer\u00ae"},"content":{"rendered":"<h2>Ensemble Duo Boyer\u00ae<\/h2>\n<p>Cet ensemble associe la <a href=\"https:\/\/boyerbrush.ca\/boyer-brush-the-safest-grill-brush\/\">brosse\u2122 Boyer<\/a> originale \u00e0 la <a href=\"https:\/\/boyerbrush.ca\/boyer-mini-the-safest-compact-grill-brush\/\">Boyer Mini\u2122<\/a>, offrant des options polyvalentes pour chaque t\u00e2che de nettoyage du gril. Les deux brosses sont sans poils m\u00e9talliques, \u00e9liminant le risque que des fragments de poils dangereux contaminent vos aliments, garantissant une exp\u00e9rience de cuisson sans souci.<\/p>\n<p><strong>Qualit\u00e9 de construction exceptionnelle<\/strong><\/p>\n<p>La <strong>Brosse Boyer\u00ae<\/strong> et la <strong>Boyer Mini\u00ae<\/strong> sont toutes deux fabriqu\u00e9es avec des mat\u00e9riaux de qualit\u00e9 sup\u00e9rieure, avec une bobine de ressort en fil d\u2019acier inoxydable de haute qualit\u00e9 solidement int\u00e9gr\u00e9e dans leurs cadres. Cette construction durable am\u00e9liore la long\u00e9vit\u00e9 et la r\u00e9sistance de chaque brosse, leur permettant de s\u2019attaquer aux travaux de nettoyage les plus difficiles avec facilit\u00e9 et fiabilit\u00e9.<\/p>\n<p><strong>Conception brevet\u00e9e pour des performances optimales<\/strong><\/p>\n<p>La conception brevet\u00e9e unique de l\u2019ensemble duo de brosses \u00e0 gril Boyer Safest distingue ces brosses. La brosse\u00ae Boyer originale est dot\u00e9e d\u2019un cadre robuste en fonte d\u2019aluminium et d\u2019un manche de 16 po (42 cm) avec une poign\u00e9e caoutchout\u00e9e antid\u00e9rapante pour un contr\u00f4le et une port\u00e9e sup\u00e9rieurs. Le Boyer Mini\u00ae, avec son cadre en acier lamin\u00e9 durable et sa longueur totale de 15 po (38 cm), offre une option de nettoyage compacte, mais tout aussi efficace. Ensemble, ils offrent le nec plus ultra en mati\u00e8re de performance de nettoyage et de commodit\u00e9.<\/p>\n<p><strong>Nettoyage sans effort pour des r\u00e9sultats rapides<\/strong><\/p>\n<p>Con\u00e7u pour \u00eatre facile \u00e0 utiliser, l\u2019ensemble duo de brosses \u00e0 gril Boyer\u00ae Safest rend le nettoyage du gril rapide et efficace. Que vous vous attaquiez \u00e0 une retouche rapide ou \u00e0 un nettoyage en profondeur, ces brosses garantissent que votre gril est pr\u00eat \u00e0 l\u2019action en un rien de temps. Les poign\u00e9es ergonomiques et la conception strat\u00e9gique permettent de nettoyer facilement tous les coins et recoins avec un minimum d\u2019effort.<\/p>\n<p>Am\u00e9liorez votre routine de nettoyage de gril avec l\u2019ensemble duo de brosses \u00e0 gril Boyer\u00ae Sest. Profitez de la tranquillit\u00e9 d\u2019esprit que procure un gril propre, exempt de fragments de poils nocifs. Faites l\u2019exp\u00e9rience d\u2019un nettoyage plus s\u00fbr et plus efficace du gril et faites de chaque barbecue un \u00e9v\u00e9nement sans stress.<\/p>\n<p><strong>Con\u00e7u au Qu\u00e9bec &#8211; Canada<\/strong><\/p>\n<p><strong>Brevet en instance<\/strong><\/p>\n<p>&nbsp;<\/p>\n","protected":false},"excerpt":{"rendered":"<p>Dites adieu aux poils m\u00e9talliques et bonjour aux grillades sans souci. Notre ensemble comprend la brosse\u00ae Boyer originale et la Boyer Mini\u00ae, toutes deux con\u00e7ues pour un entretien efficace et s\u00fbr du gril. Fini les fragments de poils dans votre nourriture ! Pr\u00e9parez-vous \u00e0 une exp\u00e9rience de barbecue gr\u00e9sillante !<\/p>\n<p>&nbsp;<\/p>\n<p>&nbsp;<\/p>\n","protected":false},"featured_media":6755,"comment_status":"open","ping_status":"closed","template":"","meta":[],"product_brand":[],"product_cat":[75,102],"product_tag":[155,191,192],"class_list":{"0":"post-6766","1":"product","2":"type-product","3":"status-publish","4":"has-post-thumbnail","6":"product_cat-brosses","7":"product_cat-paquets","8":"product_tag-boyer-brush-fr","9":"product_tag-boyer-mini-fr","10":"product_tag-brosse-a-gril-la-plus-sure","12":"first","13":"instock","14":"sale","15":"taxable","16":"shipping-taxable","17":"purchasable","18":"product-type-simple"},"_links":{"self":[{"href":"https:\/\/boyerbrush.ca\/fr\/wp-json\/wp\/v2\/product\/6766","targetHints":{"allow":["GET"]}}],"collection":[{"href":"https:\/\/boyerbrush.ca\/fr\/wp-json\/wp\/v2\/product"}],"about":[{"href":"https:\/\/boyerbrush.ca\/fr\/wp-json\/wp\/v2\/types\/product"}],"replies":[{"embeddable":true,"href":"https:\/\/boyerbrush.ca\/fr\/wp-json\/wp\/v2\/comments?post=6766"}],"wp:featuredmedia":[{"embeddable":true,"href":"https:\/\/boyerbrush.ca\/fr\/wp-json\/wp\/v2\/media\/6755"}],"wp:attachment":[{"href":"https:\/\/boyerbrush.ca\/fr\/wp-json\/wp\/v2\/media?parent=6766"}],"wp:term":[{"taxonomy":"product_brand","embeddable":true,"href":"https:\/\/boyerbrush.ca\/fr\/wp-json\/wp\/v2\/product_brand?post=6766"},{"taxonomy":"product_cat","embeddable":true,"href":"https:\/\/boyerbrush.ca\/fr\/wp-json\/wp\/v2\/product_cat?post=6766"},{"taxonomy":"product_tag","embeddable":true,"href":"https:\/\/boyerbrush.ca\/fr\/wp-json\/wp\/v2\/product_tag?post=6766"}],"curies":[{"name":"wp","href":"https:\/\/api.w.org\/{rel}","templated":true}]}}