{"id":6771,"date":"2024-05-23T10:35:09","date_gmt":"2024-05-23T14:35:09","guid":{"rendered":"https:\/\/boyerbrush.ca\/boyer-ultimate-ensemble-de-grillades\/"},"modified":"2025-08-25T06:26:14","modified_gmt":"2025-08-25T10:26:14","slug":"boyer-ultimate-ensemble-de-grillades","status":"publish","type":"product","link":"https:\/\/boyerbrush.ca\/fr\/boyer-ultimate-ensemble-de-grillades\/","title":{"rendered":"Ensemble de grillades Boyer\u00ae Ultime"},"content":{"rendered":"<h2>Ensemble de grillades Boyer\u00ae Ultime<\/h2>\n<p>La solution tout-en-un pour des exp\u00e9riences de nettoyage et de cuisson s\u00fbres, efficaces et \u00e9l\u00e9gantes du gril. Cet ensemble combine les brosses \u00e0 gril les plus s\u00fbres, la c\u00e9l\u00e8bre brosse\u2122\ufe0f Boyer et la Boyer Mini\u2122 compacte mais puissante, en plus d\u2019ajouter le tablier de barbecue Boyer robuste et \u00e9l\u00e9gant, vous assurant d\u2019avoir tout ce dont vous avez besoin pour une aventure de grillade sans faille.<\/p>\n<p><strong>Boyer Brush\u00ae &#8211; La brosse \u00e0 gril la plus s\u00fbre<\/strong><\/p>\n<p>Dites adieu aux soucis concernant les fragments de poils m\u00e9talliques dans vos aliments avec la <a href=\"https:\/\/boyerbrush.ca\/boyer-brush-the-safest-grill-brush\/\">brosse\u2122\ufe0f Boyer<\/a>. Fabriqu\u00e9e avec des mat\u00e9riaux de qualit\u00e9 sup\u00e9rieure et fi\u00e8rement sans poils, cette brosse garantit que votre gril reste propre et que vos exp\u00e9riences culinaires restent sans souci. Avec un noyau h\u00e9lico\u00efdal en acier inoxydable durable et un manche et un cadre en aluminium robustes, cette brosse est con\u00e7ue pour r\u00e9sister aux d\u00e9fis de nettoyage les plus difficiles. La poign\u00e9e extra-longue de 16&#8243; (42 cm) offre une port\u00e9e \u00e9tendue, tandis que la poign\u00e9e caoutchout\u00e9e antid\u00e9rapante assure confort et contr\u00f4le. De plus, son \u00e9l\u00e9gant logo en aluminium bross\u00e9 ajoute une touche d\u2019\u00e9l\u00e9gance \u00e0 votre arsenal de grillades.<\/p>\n<p><strong>Boyer Mini\u00ae &#8211; La brosse \u00e0 gril compacte la plus s\u00fbre<\/strong><\/p>\n<p>Pour ceux qui pr\u00e9f\u00e8rent une solution de nettoyage plus compacte, le <a href=\"https:\/\/boyerbrush.ca\/boyer-mini-the-safest-compact-grill-brush\/\">Boyer Mini\u2122<\/a> est le choix parfait. Conservant la m\u00eame conception sans poils et les m\u00eames mat\u00e9riaux haut de gamme que son homologue plus grand, le Boyer Mini\u2122 offre des performances de nettoyage ultimes dans un format compact. Avec un manche et un cadre en acier lamin\u00e9, un logo \u00e9l\u00e9gant et un anneau de suspension pratique, ce pinceau allie style et fonctionnalit\u00e9 sans effort. Pesant seulement 400 grammes (0,88 lb) et mesurant 38 cm x 7,6 cm x 6,4 cm (15 po x 3 po x 2,5 po), il offre l\u2019\u00e9quilibre parfait entre taille et efficacit\u00e9, garantissant que votre gril reste impeccable sans compromis.<\/p>\n<p><strong>Tablier de barbecue Boyer\u00ae \u2013 Le compagnon ultime du ma\u00eetre du gril<\/strong><\/p>\n<p>Compl\u00e9tez votre ensemble de grillades avec le <a href=\"https:\/\/boyerbrush.ca\/boyer-bbq-apron\/\">tablier de barbecue Boyer<\/a>, con\u00e7u pour la durabilit\u00e9, le soutien et le style. Fabriqu\u00e9 \u00e0 partir de mat\u00e9riaux r\u00e9sistants de haute qualit\u00e9, ce tablier r\u00e9siste \u00e0 la chaleur, \u00e0 la graisse et aux rigueurs des grillades, ce qui vous permet d\u2019avoir l\u2019air vif \u00e0 chaque cuisson. Les lacets crois\u00e9s \u00e0 l\u2019arri\u00e8re offrent un soutien ergonomique, tandis que les cinq poches spacieuses permettent de garder vos outils de cuisson \u00e0 port\u00e9e de main. De plus, l\u2019anneau m\u00e9tallique int\u00e9gr\u00e9 garantit que votre brosse\u2122\ufe0f Boyer est toujours \u00e0 port\u00e9e de main lorsque vous en avez besoin. Avec son design \u00e9l\u00e9gant et moderne et sa construction \u00e0 taille unique, ce tablier est l\u2019accessoire parfait pour les amateurs de grillades de tous niveaux.<\/p>\n<p>Am\u00e9liorez votre jeu de grillades avec l\u2019ensemble de grillades Boyer Ultimate et vivez les aventures de grillades les plus s\u00fbres, les plus efficaces et les plus \u00e9l\u00e9gantes \u00e0 ce jour. Ne vous contentez de rien de moins que le meilleur &#8211; commandez le v\u00f4tre d\u00e8s aujourd\u2019hui et \u00e9levez votre exp\u00e9rience de barbecue vers de nouveaux sommets !<\/p>\n<p>&nbsp;<\/p>\n","protected":false},"excerpt":{"rendered":"<p>L\u2019ensemble de grillades Boyer\u00ae Ultimate &#8211; votre bo\u00eete \u00e0 outils essentielle pour des aventures de grillades s\u00fbres, efficaces et \u00e9l\u00e9gantes ! Dites adieu aux soucis de poils m\u00e9talliques avec comprend les brosses \u00e0 gril les plus s\u00fbres, la brosse Boyer et\u00ae son compagnon compact, le Boyer Mini\u00ae. Compl\u00e9tez votre ensemble de grillades avec le tablier de barbecue Boyer\u00ae robuste et \u00e9l\u00e9gant. Am\u00e9liorez votre jeu de barbecue avec cette solution tout-en-un &#8211; Commandez maintenant et faites des grillades comme un pro !<\/p>\n<p>&nbsp;<\/p>\n<p>&nbsp;<\/p>\n<p>&nbsp;<\/p>\n","protected":false},"featured_media":6770,"comment_status":"open","ping_status":"closed","template":"","meta":[],"product_brand":[],"product_cat":[106],"product_tag":[],"class_list":{"0":"post-6771","1":"product","2":"type-product","3":"status-publish","4":"has-post-thumbnail","6":"product_cat-uncategorized-fr","8":"first","9":"instock","10":"sale","11":"taxable","12":"shipping-taxable","13":"purchasable","14":"product-type-simple"},"_links":{"self":[{"href":"https:\/\/boyerbrush.ca\/fr\/wp-json\/wp\/v2\/product\/6771","targetHints":{"allow":["GET"]}}],"collection":[{"href":"https:\/\/boyerbrush.ca\/fr\/wp-json\/wp\/v2\/product"}],"about":[{"href":"https:\/\/boyerbrush.ca\/fr\/wp-json\/wp\/v2\/types\/product"}],"replies":[{"embeddable":true,"href":"https:\/\/boyerbrush.ca\/fr\/wp-json\/wp\/v2\/comments?post=6771"}],"wp:featuredmedia":[{"embeddable":true,"href":"https:\/\/boyerbrush.ca\/fr\/wp-json\/wp\/v2\/media\/6770"}],"wp:attachment":[{"href":"https:\/\/boyerbrush.ca\/fr\/wp-json\/wp\/v2\/media?parent=6771"}],"wp:term":[{"taxonomy":"product_brand","embeddable":true,"href":"https:\/\/boyerbrush.ca\/fr\/wp-json\/wp\/v2\/product_brand?post=6771"},{"taxonomy":"product_cat","embeddable":true,"href":"https:\/\/boyerbrush.ca\/fr\/wp-json\/wp\/v2\/product_cat?post=6771"},{"taxonomy":"product_tag","embeddable":true,"href":"https:\/\/boyerbrush.ca\/fr\/wp-json\/wp\/v2\/product_tag?post=6771"}],"curies":[{"name":"wp","href":"https:\/\/api.w.org\/{rel}","templated":true}]}}